{"id":37,"date":"2019-11-19T17:13:24","date_gmt":"2019-11-19T16:13:24","guid":{"rendered":"https:\/\/grumpit.de\/waffenhandel-dresden\/?page_id=37"},"modified":"2025-07-29T17:04:00","modified_gmt":"2025-07-29T15:04:00","slug":"impressum","status":"publish","type":"page","link":"https:\/\/waffenhandel-dresden.de\/index.php\/impressum\/","title":{"rendered":"Impressum"},"content":{"rendered":"\n<h3 class=\"wp-block-heading\">1. Firmenanschrift:<\/h3>\n\n\n\n<p>Waffenhandel<br>Matthias Zeh<br>Drescherh\u00e4user 2-4<br>01159 Dresden<\/p>\n\n\n\n<ul class=\"wp-block-list\">\n<li>Telefon: +49 351 21 48 88 73<\/li>\n\n\n\n<li>Telefax: +49 351 40 22 172<\/li>\n\n\n\n<li>E-Mail: info@tactic24.de<\/li>\n\n\n\n<li>Verantwortliche Beh\u00f6rde: Ordnungsamt Dresden, Theaterstra\u00dfe 13, 01067 Dresden<\/li>\n<\/ul>\n\n\n\n<p>Internet:&nbsp;<a href=\"http:\/\/www.waffenhandel-dresden.de\/\">www.waffenhandel-dresden.de<\/a><\/p>\n\n\n\n<hr class=\"wp-block-separator has-css-opacity\"\/>\n\n\n\n<h3 class=\"wp-block-heading\">2. USt &#8211; IdNr.: DE224831605<\/h3>\n\n\n\n<p>Finanzamt Dresden III<\/p>\n\n\n\n<hr class=\"wp-block-separator has-css-opacity\"\/>\n\n\n\n<h3 class=\"wp-block-heading\">3. Verantwortlicher f\u00fcr -waffenhandel-dresden- Web-Site:<\/h3>\n\n\n\n<p>Matthias Zeh<br>Drescherh\u00e4user 2-4<br>01159 Dresden<\/p>\n\n\n\n<ul class=\"wp-block-list\">\n<li>Telefon: +49 351 21 48 88 73<\/li>\n\n\n\n<li>Telefax: +49 351 40 22 172<\/li>\n\n\n\n<li>E-Mail: info@tactic24.de<\/li>\n<\/ul>\n\n\n\n<hr class=\"wp-block-separator has-css-opacity\"\/>\n\n\n\n<p>Der Nutzung von im Rahmen der Impressumspflicht ver\u00f6ffentlichten Kontaktdaten durch Dritte zur \u00fcbersendung von nicht ausdr\u00fccklich angeforderter Werbung und Informationsmaterialien wird hiermit ausdr\u00fccklich widersprochen. Die Betreiber der Seiten behalten sich ausdr\u00fccklich rechtliche Schritte im Falle der unverlangten Zusendung von Werbeinformationen, etwa durch Spam-Mails, vor.<\/p>\n","protected":false},"excerpt":{"rendered":"<p>1. Firmenanschrift: WaffenhandelMatthias ZehDrescherh\u00e4user 2-401159 Dresden Internet:&nbsp;www.waffenhandel-dresden.de 2. USt &#8211; IdNr.: DE224831605 Finanzamt Dresden III 3. Verantwortlicher f\u00fcr -waffenhandel-dresden- Web-Site: Matthias ZehDrescherh\u00e4user 2-401159 Dresden Der Nutzung von im Rahmen der Impressumspflicht ver\u00f6ffentlichten Kontaktdaten durch Dritte zur \u00fcbersendung von nicht ausdr\u00fccklich angeforderter Werbung und Informationsmaterialien wird hiermit ausdr\u00fccklich widersprochen. Die Betreiber der Seiten behalten sich ausdr\u00fccklich [&hellip;]<\/p>\n","protected":false},"author":1,"featured_media":0,"parent":0,"menu_order":0,"comment_status":"closed","ping_status":"closed","template":"","meta":{"footnotes":""},"class_list":["post-37","page","type-page","status-publish","hentry"],"_links":{"self":[{"href":"https:\/\/waffenhandel-dresden.de\/index.php\/wp-json\/wp\/v2\/pages\/37","targetHints":{"allow":["GET"]}}],"collection":[{"href":"https:\/\/waffenhandel-dresden.de\/index.php\/wp-json\/wp\/v2\/pages"}],"about":[{"href":"https:\/\/waffenhandel-dresden.de\/index.php\/wp-json\/wp\/v2\/types\/page"}],"author":[{"embeddable":true,"href":"https:\/\/waffenhandel-dresden.de\/index.php\/wp-json\/wp\/v2\/users\/1"}],"replies":[{"embeddable":true,"href":"https:\/\/waffenhandel-dresden.de\/index.php\/wp-json\/wp\/v2\/comments?post=37"}],"version-history":[{"count":4,"href":"https:\/\/waffenhandel-dresden.de\/index.php\/wp-json\/wp\/v2\/pages\/37\/revisions"}],"predecessor-version":[{"id":492506,"href":"https:\/\/waffenhandel-dresden.de\/index.php\/wp-json\/wp\/v2\/pages\/37\/revisions\/492506"}],"wp:attachment":[{"href":"https:\/\/waffenhandel-dresden.de\/index.php\/wp-json\/wp\/v2\/media?parent=37"}],"curies":[{"name":"wp","href":"https:\/\/api.w.org\/{rel}","templated":true}]}}