{"id":72529,"date":"2021-01-26T21:26:48","date_gmt":"2021-01-26T20:26:48","guid":{"rendered":"https:\/\/waffenhandel-dresden.de\/?page_id=72529"},"modified":"2026-04-01T14:48:39","modified_gmt":"2026-04-01T12:48:39","slug":"allgemeine-geschaeftsbedingungen","status":"publish","type":"page","link":"https:\/\/waffenhandel-dresden.de\/index.php\/allgemeine-geschaeftsbedingungen\/","title":{"rendered":"Allgemeine Gesch\u00e4ftsbedingungen"},"content":{"rendered":"\n<h3 class=\"wp-block-heading\">\u00a7 1 Allgemeines<\/h3>\n\n\n\n<ol class=\"wp-block-list\">\n<li>Vertragspartner im Sinne der nachfolgenden Allgemeinen Gesch\u00e4ftsbedingungen ist diejenige Partei, die mit uns in gesch\u00e4ftliche Beziehungen tritt.<\/li>\n\n\n\n<li>F\u00fcr alle gegenseitigen Anspr\u00fcche aus und im Zusammenhang mit einem Vertragsabschluss zwischen den Kunden und der Firma TACTIC gelten stets diese Allgemeinen Gesch\u00e4ftsbedingungen in ihrer zum Zeitpunkt des jeweiligen Vertragsabschlusses g\u00fcltigen Fassung. Andere Bedingungen werden nicht Vertragsinhalt, auch wenn wir ihnen nicht ausdr\u00fccklich widersprechen. Im \u00fcbrigen gelten die gesetzlichen Bestimmungen.<\/li>\n\n\n\n<li>Mit der Bestellabgabe werden die Allgemeinen Gesch\u00e4ftsbedingungen anerkannt.<\/li>\n\n\n\n<li>Ist der K\u00e4ufer\/Kunde Kaufmann, eine juristische Person des \u00f6ffentlichen Rechts, ein \u00f6ffentlich-rechtliches Sonderverm\u00f6gen oder hat er keinen allgemeinen Gerichtsstand in Deutschland, ist Dresden ausschlie\u00dflicher Gerichtsstand. Es gilt das Recht der Bundesrepublik Deutschland.<\/li>\n\n\n\n<li>Der Kaufvertrag\/Dienstleistungsvertrag kommt mit der Auslieferung der Waren oder der Erbringung der Dienstleistung zustande.<\/li>\n\n\n\n<li>Der Auftraggeber ist bei Auftragserteilung verpflichtet, sein Berechtigtes Interesse sowie den wahren Zweck seiner Auftragserteilung zu bekunden. Der Auftraggeber versichert mit seiner Unterschrift, dass er keine staatsgef\u00e4hrdenden oder gesetzeswidrigen Ziele mit dem Auftrag verfolgt.<\/li>\n<\/ol>\n\n\n\n<h3 class=\"wp-block-heading\">\u00a7 2 Lieferzeit, Lieferung sowie Erbringung von Dienstleistung<\/h3>\n\n\n\n<ol class=\"wp-block-list\">\n<li>Ereignisse h\u00f6herer Gewalt, wie zum Beispiel ein Arbeitskampf in unserem oder fremden Betrieben, von denen wir durch Materialbezug abh\u00e4ngig sind, ferner Krieg usw., berechtigen uns, die Erf\u00fcllung des Vertrages hinauszuschieben. Schadensersatzanspr\u00fcche sind in diesen F\u00e4llen ausgeschlossen.<\/li>\n\n\n\n<li>Im Falle eines Arbeitskampfes kommt eine Haftung nur bei grobem Verschulden in Betracht. Schadenersatzanspr\u00fcche aus Lieferverz\u00f6gerungen bestehen nur, wenn dies vor Lieferung oder Ausf\u00fchrung ausdr\u00fccklich vereinbart wurde.<\/li>\n\n\n\n<li>Lagerware wird unverz\u00fcglich nach Eingang der Bestellung ausgeliefert. Sofern Artikel bestellt wurden, die nicht auf Lager sind, erfolgt die Lieferung unverz\u00fcglich nach Selbstbelieferung. Die Lieferzeiten f\u00fcr Produkte die auf Ma\u00df gefertigt werden entnehmen Sie bitte der Produktbeschreibung. Dienstleistungen werden nach den vereinbarten Terminen abgearbeitet. Sollten vereinbarte Termine verschoben werden m\u00fcssen, werden dem Auftraggeber Ersatztermine angeboten.<\/li>\n\n\n\n<li>Sollte ein bestimmter Artikel oder Ersatzartikel nicht lieferbar sein, ist der Verk\u00e4ufer berechtigt, die Lieferung zu verweigern. Der Verk\u00e4ufer wird den K\u00e4ufer \u00fcber die fehlende Lieferbarkeit unverz\u00fcglich unterrichten und die vom K\u00e4ufer bereits entrichteten Leistungen unverz\u00fcglich zur\u00fcckerstatten.<\/li>\n\n\n\n<li>Die Auslieferung der Ware erfolgt durch externe Versender.<\/li>\n\n\n\n<li>Der Unternehmer ist berechtigt sich zur Erf\u00fcllung seiner Verpflichtungen anderer zuverl\u00e4ssiger Unternehmen zu bedienen.<\/li>\n\n\n\n<li>Die Vertragslaufzeit f\u00fcr Dienstleistungen wird jeweils Auftragsspezifisch vereinbart.<\/li>\n<\/ol>\n\n\n\n<h3 class=\"wp-block-heading\">\u00a7 3 Zahlungsbedingungen<\/h3>\n\n\n\n<ol class=\"wp-block-list\">\n<li>Grunds\u00e4tzlich stehen vier Zahlungsweisen zur Verf\u00fcgung :<br>-Vorauskasse<br>-Barzahlung bei Abholung<br>-EC Kartenzahlung bei Abholung<br>-Per Rechnung (Nur bestimmte Kundengruppen)<\/li>\n\n\n\n<li>Wir behalten uns das Recht vor, Zahlungsarten auszuschlie\u00dfen. Lieferung per Rechnung ausschlie\u00dflich f\u00fcr Beh\u00f6rden und \u00c4mter. Bei Lieferung auf Rechnung verpflichtet sich der K\u00e4ufer den Rechnungsbetrag innerhalb von 8 Tagen nach Rechnungsdatum zu bezahlen. Unsere Rechnungen sind zahlbar rein netto ohne Abzug von Skonto oder sonstigen Abz\u00fcgen, au\u00dfer es sind andere Vereinbarungen getroffen. Ihre Zahlung leisten Sie bitte auf nachstehende Bankverbindung:<br><br>&#8211; Matthias&nbsp;Zeh<br>&nbsp;&nbsp;Osts\u00e4chsiche&nbsp;Sparkasse&nbsp;Dresden<br>&nbsp;&nbsp;BLZ&nbsp;&nbsp;&nbsp;&nbsp;&nbsp;&nbsp;&nbsp;&nbsp;&nbsp;&nbsp;&nbsp;&nbsp;&nbsp; 850 &nbsp;503&nbsp;00<br>&nbsp;&nbsp;KtoNr&nbsp;&nbsp;&nbsp;&nbsp;&nbsp;&nbsp;&nbsp;&nbsp;&nbsp;&nbsp; 0221 131 418<br>&nbsp;&nbsp;IBAN&nbsp;&nbsp;&nbsp;&nbsp;&nbsp;&nbsp;&nbsp;&nbsp;&nbsp;&nbsp; DE74&nbsp;8505&nbsp;0300 &nbsp;0221 &nbsp;131418<br>&nbsp;&nbsp;BIC-\/SWIFT-CODE:&nbsp;OSDD&nbsp;DE&nbsp;81<br><br><\/li>\n\n\n\n<li>Die Bezahlung durch ein \u00dcbersenden von Bargeld oder Scheck ist leider nicht m\u00f6glich. Wir schlie\u00dfen eine Haftung bei Verlust aus. Zur Absicherung des Kreditrisikos\/der Vorleistung behalten wir uns vor, entsprechend der jeweiligen Bonit\u00e4t die von Ihnen erbetene Leistung nur gegen Nachname\/Sofortzahlung bei Lieferung durchzuf\u00fchren. Dies werden wir rechtzeitig voraus dem Kunden bekannt geben und mit Ihm abstimmen.<\/li>\n\n\n\n<li>Im Falle eines Verzugs haben wir einen Anspruch auf Zinsen. Der Verzugszins betr\u00e4gt 8% \u00fcber dem Basiszinssatz. Der Nachweis eines h\u00f6heren Zinsschadens bleibt uns vorbehalten.<\/li>\n\n\n\n<li>Bei Bestellungen aus dem Ausland liefern wir generell nur gegen Vorauskasse. Die Kosten des Geldtransfers tr\u00e4gt allein der Kunde. Der Kunde ist verpflichtet, die Kosten des Geldtransfers selbst zu ermitteln und dem Rechnungsbetrag hinzuzusetzen.<\/li>\n\n\n\n<li>Besteht der Kunde auf Barzahlung bei Begleichung von Rechnungen, erkl\u00e4rt er, durch die geleistete Zahlung, dass das Bargeld nach geltenden Rechtsvorschriften erworben wurde. Etwaige Anspr\u00fcche sowie Regressvorbehalte Dritter, auf dieses Bargeld, tr\u00e4gt der Bezahler. <\/li>\n<\/ol>\n\n\n\n<h3 class=\"wp-block-heading\">\u00a7 4 Eigentumsvorbehalt<\/h3>\n\n\n\n<ol class=\"wp-block-list\">\n<li>Jede vom Verk\u00e4ufer gelieferte Ware bleibt dessen Eigentum bis zur vollst\u00e4ndigen Zahlung des Kaufpreises und bis zur vollst\u00e4ndigen Erledigung s\u00e4mtlicher aus der Gesch\u00e4ftsbeziehung resultierender Forderungen (erweiterter Eigentumsvorbehalt).<br>Eine Verf\u00fcgung \u00fcber die unter Eigentumsvorbehalt stehende Ware (etwa durch Verkauf, Verpf\u00e4ndung, Sicherungs\u00fcbereignung, Schenkung, Gebrauchs\u00fcberlassung) durch den K\u00e4ufer ist keinesfalls gestattet.<\/li>\n\n\n\n<li>Sollte der K\u00e4ufer eine vertragswidrige Verf\u00fcgung \u00fcber den Kaufgegenstand vorgenommen haben, tritt der bezahlte oder zu bezahlende Kaufpreis oder anderweitige erhaltene oder zu erhaltende Leistungen des Erwerbers an die Stelle der Ware. Der K\u00e4ufer tritt bereits jetzt alle aus einer etwaigen Ver\u00e4u\u00dferung entstehenden Forderungen an den Verk\u00e4ufer ab. Der K\u00e4ufer ist nicht erm\u00e4chtigt, diese Forderungen einzuziehen. Im Rahmen der Abtretung hat der K\u00e4ufer bei der Offenlegung der Abtretung gegen\u00fcber dem Erwerber mitzuwirken und diesen zu veranlassen, an den Verk\u00e4ufer zu zahlen bzw. zu leisten. Mit R\u00fccksicht auf den verl\u00e4ngerten Eigentumsvorbehalt (Vorausabtretung der jeweiligen Kaufpreisforderung) ist eine Abtretung an Dritte, insbesondere an ein Kreditinstitut, vertragswidrig und daher unzul\u00e4ssig. Der Verk\u00e4ufer ist jederzeit berechtigt, die Verkaufsunterlagen des K\u00e4ufers zu pr\u00fcfen und dessen Abnehmer von der Abtretung zu informieren.<\/li>\n\n\n\n<li>Im Falle einer Pf\u00e4ndung der Ware beim K\u00e4ufer ist der Verk\u00e4ufer sofort unter \u00dcbersendung einer Abschrift des Zwangsvollstreckungsprotokolls und einer eidesstattlichen Versicherung dar\u00fcber zu unterrichten, dass es sich bei der gepf\u00e4ndeten Ware um die vom Verk\u00e4ufer gelieferte und unter Eigentumsvorbehalt stehende Ware handelt.<\/li>\n\n\n\n<li>Die Geltendmachung der Rechte des Verk\u00e4ufers aus dem Eigentumsvorbehalt entbindet den K\u00e4ufer nicht von seinen vertraglichen Verpflichtungen. Der Wert der Ware im Zeitpunkt der R\u00fccknahme wird lediglich auf die bestehende Forderung des Lieferanten gegen den K\u00e4ufer angerechnet.<\/li>\n<\/ol>\n\n\n\n<h3 class=\"wp-block-heading\">\u00a7 5 Gew\u00e4hrleistung<\/h3>\n\n\n\n<ol class=\"wp-block-list\">\n<li>Sollten gelieferte Artikel offensichtliche Material- oder Herstellungsfehler aufweisen, wozu auch Transportsch\u00e4den z\u00e4hlen, so reklamieren Sie bitte solche Fehler sofort gegen\u00fcber uns oder dem Anlieferer. Die Vers\u00e4umung dieser R\u00fcge hat allerdings f\u00fcr Ihre gesetzlichen Anspr\u00fcche keine Konsequenzen. F\u00fcr alle w\u00e4hrend der gesetzlichen Gew\u00e4hrleistungsfrist auftretenden M\u00e4ngel der Kaufsache gelten nach Ihrer Wahl die gesetzlichen Anspr\u00fcche auf Nacherf\u00fcllung, auf Mangelbeseitigung\/Neulieferung sowie, bei Vorliegen der gesetzlichen Voraussetzungen, die weitergehenden Anspr\u00fcche auf Minderung oder R\u00fccktritt sowie daneben auf Schadensersatz. Die Gew\u00e4hrleistung beginnt mit dem Zugang der Ware beim Kunden. Hinsichtlich etwaiger Schadensersatzanspr\u00fcche wegen M\u00e4ngel der Sachen gelten die gesetzlichen Vorschriften.<\/li>\n<\/ol>\n\n\n\n<h3 class=\"wp-block-heading\">\u00a7 6 Widerrufsrecht \/ Widerrufsfolgen<\/h3>\n\n\n\n<p><strong>Anfang der Widerrufsbelehrung <\/strong><strong><\/strong><\/p>\n\n\n\n<p><strong>Widerrufsrecht<\/strong><br>Sie haben das Recht, binnen vierzehn Tagen ohne Angabe von Gr\u00fcnden diesen Vertrag zu widerrufen.<br><br>Die Widerrufsfrist betr\u00e4gt vierzehn Tage ab dem Tag an dem Sie oder ein von Ihnen benannter Dritter, der nicht der Bef\u00f6rderer ist, die letzte Ware in Besitz genommen haben bzw. hat.<br>Um Ihr Widerrufsrecht auszu\u00fcben, m\u00fcssen Sie uns (Waffenhandel Matthias Zeh, Drescherh\u00e4user 2-4, 01159 Dresden; Tel.: 0351 21488873, Telefax: 0351 4276941, E-Mail-Adresse: info@tactic24.de) mittels einer eindeutigen Erkl\u00e4rung (z.B. ein mit der Post versandter Brief, Telefax oder E-Mail) \u00fcber Ihren Entschluss, diesen Vertrag zu widerrufen, informieren. Sie k\u00f6nnen daf\u00fcr das beigef\u00fcgte Muster-Widerrufsformular verwenden, das jedoch nicht vorgeschrieben ist.<br><br>Zur Wahrung der Widerrufsfrist reicht es aus, dass Sie die Mitteilung \u00fcber die Aus\u00fcbung des Widerrufsrechts vor Ablauf der Widerrufsfrist absenden.<\/p>\n\n\n\n<p><strong>Folgen des Widerrufs<br><\/strong>Wenn Sie diesen Vertrag widerrufen, haben wir Ihnen alle Zahlungen, die wir von Ihnen erhalten haben, einschlie\u00dflich der Lieferkosten (mit Ausnahme der zus\u00e4tzlichen Kosten, die sich daraus ergeben, dass Sie eine andere Art der Lieferung als die von uns angebotene, g\u00fcnstigste Standardlieferung gew\u00e4hlt haben), unverz\u00fcglich und sp\u00e4testens binnen vierzehn Tagen ab dem Tag zur\u00fcckzuzahlen, an dem die Mitteilung \u00fcber Ihren Widerruf dieses Vertrags bei uns eingegangen ist. F\u00fcr diese R\u00fcckzahlung verwenden wir dasselbe Zahlungsmittel, das Sie bei der urspr\u00fcnglichen Transaktion eingesetzt haben, es sei denn, mit Ihnen wurde ausdr\u00fccklich etwas anderes vereinbart; in keinem Fall werden Ihnen wegen dieser R\u00fcckzahlung Entgelte berechnet. Wir k\u00f6nnen die R\u00fcckzahlung verweigern, bis wir die Waren wieder zur\u00fcckerhalten haben oder bis Sie den Nachweis erbracht haben, dass Sie die Waren zur\u00fcckgesandt haben, je nachdem, welches der fr\u00fchere Zeitpunkt ist.<br><br>Sie haben die Waren unverz\u00fcglich und in jedem Fall sp\u00e4testens binnen vierzehn Tagen ab dem Tag, an dem Sie uns \u00fcber den Widerruf dieses Vertrags unterrichten, an uns zur\u00fcckzusenden oder zu \u00fcbergeben. Die Frist ist gewahrt, wenn Sie die Waren vor Ablauf der Frist von vierzehn Tagen absenden.<br><br>Sie tragen die unmittelbaren Kosten der R\u00fccksendung der Waren.<\/p>\n\n\n\n<p>Sie m\u00fcssen f\u00fcr einen etwaigen Wertverlust der Waren nur aufkommen, wenn dieser Wertverlust auf einen zur Pr\u00fcfung der Beschaffenheit, Eigenschaften und Funktionsweise der Waren nicht notwendigen Umgang mit ihnen zur\u00fcckzuf\u00fchren ist.<\/p>\n\n\n\n<p>\u2013 Ende der Widerrufsbelehrung \u2013<\/p>\n\n\n\n<h3 class=\"wp-block-heading\">\u00a7 7 Liefer- und Versandkosten<\/h3>\n\n\n\n<ol class=\"wp-block-list\">\n<li>Die Versandkosten f\u00fcr postversandf\u00e4hige Ware betragen 7 EUR pro angefangene 30 Kg Gesamtgewicht. F\u00fcr Bestellungen aus dem Ausland werden die Versandkosten kundenindividuell berechnet. Bei Auslandsbestellungen und Lieferung von Waren die nach Kundenspezifikation angefertigt werden erfolgt die Lieferung ausschlie\u00dflich gegen Vorkasse.<\/li>\n\n\n\n<li><strong>Die Versandkosten f\u00fcr erlaubnispflichtige Waffen betragen 36\u20ac pro Waffe, f\u00fcr erlaubnispflichtige Munition pro Paket:<\/strong>\n<ul class=\"wp-block-list\">\n<li><strong>bis 10 kg 38 Euro<\/strong><\/li>\n\n\n\n<li><strong>bis 20 kg 52 Euro<\/strong><\/li>\n\n\n\n<li><strong>bis 30 kg 60 Euro<\/strong><\/li>\n<\/ul>\n<\/li>\n\n\n\n<li>Anfallende Fahrtkosten sowie Spesen bei Reisen, wenn f\u00fcr die Durchf\u00fchrung\/Erbringung von Dienstleistungen erforderlich, werden nach Aufwand separat berechnet.<\/li>\n<\/ol>\n\n\n\n<h3 class=\"wp-block-heading\">\u00a7 8 Altersnachweis<\/h3>\n\n\n\n<ol class=\"wp-block-list\">\n<li><strong>Erwerb von Waffen und Munition<\/strong><br>Erwerbscheinpflichtige Waffen und Munition werden nur gegen Vorlage von g\u00fcltigen Erlaubnisdokumenten sowie des Personalausweises geliefert.<\/li>\n<\/ol>\n\n\n\n<ol start=\"2\" class=\"wp-block-list\">\n<li>Der Verkauf von Artikeln und die Erbringung von Dienstleistungen die nach den gesetzlichen Bestimmungen nur f\u00fcr Personen \u00fcber 18 Jahren bestimmt sind, erfolgt nur gegen Altersnachweis. Der Nachweis muss durch Vorlage vom Personalausweis erbracht werden, bei Gewerblichen K\u00e4ufern nach Vorlage der Gewerbeanmeldung.<\/li>\n\n\n\n<li>Sollten weitere rechtliche Nachweise f\u00fcr die Erbringung von Dienstleistungen oder Verkauf von Waren gesetzlich erforderlich sein, sind diese auf Anforderung ebenfalls vorzulegen.<\/li>\n<\/ol>\n\n\n\n<h3 class=\"wp-block-heading\">\u00a7 9 Verschiedenes<\/h3>\n\n\n\n<ol class=\"wp-block-list\">\n<li>Ein Recht des Kunden zur Aufrechnung oder Zur\u00fcckbehaltung besteht nicht, es sei denn, die Forderung ist unstreitig oder rechtskr\u00e4ftig gerichtlich festgestellt.<\/li>\n\n\n\n<li>Sollten einzelne Bestimmungen dieses Vertrages ganz oder teilweise nicht rechtswirksam sein oder ihre Rechtswirksamkeit sp\u00e4ter verlieren, so soll hierdurch die G\u00fcltigkeit des Vertrages im \u00fcbrigen nicht ber\u00fchrt werden.<\/li>\n\n\n\n<li>Ma\u00dfanfertigungen oder Einzelanfertigungen von Waren nach Kundenspezifikationen werden nur gegen Vorkasse geliefert. Eine R\u00fcckgabe bzw. Umtausch ist nur bei M\u00e4ngeln entsprechend den gesetzlichen Vorschriften m\u00f6glich. Ein Umtausch bei Nichtgefallen ist ausgeschlossen, da es sich um die Anfertigung eines individuellen Produktes handelt. Wir bitten dies besonders zu beachten.<\/li>\n\n\n\n<li>Falls f\u00fcr Auftr\u00e4ge besondere Vereinbarungen getroffen werden, gelten diese grunds\u00e4tzlich nur einmalig und m\u00fcssen bei weiteren Gesch\u00e4ftsabschl\u00fcssen neu verhandelt werden.<\/li>\n\n\n\n<li>Alle Artikel und Preise sind freibleibend, Technische \u00c4nderungen, Irrt\u00fcmer und Druckfehler vorbehalten.<\/li>\n\n\n\n<li>Sollten Artikel kurzfristig nicht verf\u00fcgbar sein, so sind Lieferungen von Teilmengen statthaft. Die Nachlieferung der Fehlmengen erfolgt auf Kosten der Firma Waffenhandel Dresden \u2013 Inh. Matthias Zeh.<\/li>\n\n\n\n<li>Kostentragungsvereinbarung bei R\u00fcckgabe und Widerruf<br>Machen Sie von Ihrem Widerrufsrecht oder R\u00fcckgabe Gebrauch, haben Sie die regelm\u00e4\u00dfigen Kosten der R\u00fccksendung zu tragen, wenn die gelieferte Ware der bestellten entspricht. Nicht paketversandf\u00e4hige Sachen werden bei Ihnen abgeholt.<br>Vor einer R\u00fccksendung nehmen Sie unbedingt mit uns Kontakt auf, Sie erreichen uns:<br><br>Waffenhandel Dresden \u2013 Inh. Matthias Zeh, Drescherh\u00e4user 2-4, 01159 Dresden; Tel.: 0351 21488873, Telefax: 0351 4276941, E-Mail-Adresse: info@tactic24.de<\/li>\n<\/ol>\n\n\n\n<h3 class=\"wp-block-heading\">\u00a710 Preise<\/h3>\n\n\n\n<ol class=\"wp-block-list\">\n<li>Alle Preisangaben verstehen sich in Euro und inklusive der aktuellen gesetzlichen Mehrwertsteuer, Preis\u00e4nderungen behalten wir uns vor.<\/li>\n<\/ol>\n\n\n\n<h3 class=\"wp-block-heading\">\u00a711 Urheberrecht und Copyright<\/h3>\n\n\n\n<ol class=\"wp-block-list\">\n<li>Alle Kostenvoranschl\u00e4ge, Abbildungen, Zeichnungen, Trainingsabl\u00e4ufe, Seminarzusammensetzungen und s\u00e4mtliche andere Unterlagen sind unser Eigentum und urheberrechtlich gesch\u00fctzt. Die private oder gewerbliche Nutzung an s\u00e4mtlichen dargestellten Abbildungen, Zeichnungen sowie Inhalten von Seminar- und Trainingspl\u00e4nen ohne unsere ausdr\u00fcckliche vorhergehende schriftliche Zustimmung wird straf- und zivilrechtlich verfolgt. Es besteht jedoch die M\u00f6glichkeit die Nutzungsrechte an einzelnen Abbildungen sowie Inhalten von Seminar- und Trainingspl\u00e4nen bei uns k\u00e4uflich zu erwerben. Nehmen Sie dazu bitte Kontakt zu uns auf.<\/li>\n<\/ol>\n\n\n\n<h3 class=\"wp-block-heading\">\u00a712. Datenschutz<\/h3>\n\n\n\n<ol class=\"wp-block-list\">\n<li>Der Datenschutz erfolgt nach den Richtlinien der DSGVO und kann auf Verlangen eingesehen werden.<\/li>\n<\/ol>\n","protected":false},"excerpt":{"rendered":"<p>\u00a7 1 Allgemeines \u00a7 2 Lieferzeit, Lieferung sowie Erbringung von Dienstleistung \u00a7 3 Zahlungsbedingungen \u00a7 4 Eigentumsvorbehalt \u00a7 5 Gew\u00e4hrleistung \u00a7 6 Widerrufsrecht \/ Widerrufsfolgen Anfang der Widerrufsbelehrung WiderrufsrechtSie haben das Recht, binnen vierzehn Tagen ohne Angabe von Gr\u00fcnden diesen Vertrag zu widerrufen. Die Widerrufsfrist betr\u00e4gt vierzehn Tage ab dem Tag an dem Sie oder [&hellip;]<\/p>\n","protected":false},"author":2,"featured_media":0,"parent":0,"menu_order":0,"comment_status":"closed","ping_status":"closed","template":"","meta":{"footnotes":""},"class_list":["post-72529","page","type-page","status-publish","hentry"],"_links":{"self":[{"href":"https:\/\/waffenhandel-dresden.de\/index.php\/wp-json\/wp\/v2\/pages\/72529","targetHints":{"allow":["GET"]}}],"collection":[{"href":"https:\/\/waffenhandel-dresden.de\/index.php\/wp-json\/wp\/v2\/pages"}],"about":[{"href":"https:\/\/waffenhandel-dresden.de\/index.php\/wp-json\/wp\/v2\/types\/page"}],"author":[{"embeddable":true,"href":"https:\/\/waffenhandel-dresden.de\/index.php\/wp-json\/wp\/v2\/users\/2"}],"replies":[{"embeddable":true,"href":"https:\/\/waffenhandel-dresden.de\/index.php\/wp-json\/wp\/v2\/comments?post=72529"}],"version-history":[{"count":4,"href":"https:\/\/waffenhandel-dresden.de\/index.php\/wp-json\/wp\/v2\/pages\/72529\/revisions"}],"predecessor-version":[{"id":573200,"href":"https:\/\/waffenhandel-dresden.de\/index.php\/wp-json\/wp\/v2\/pages\/72529\/revisions\/573200"}],"wp:attachment":[{"href":"https:\/\/waffenhandel-dresden.de\/index.php\/wp-json\/wp\/v2\/media?parent=72529"}],"curies":[{"name":"wp","href":"https:\/\/api.w.org\/{rel}","templated":true}]}}