{"id":72532,"date":"2021-01-26T21:28:54","date_gmt":"2021-01-26T20:28:54","guid":{"rendered":"https:\/\/waffenhandel-dresden.de\/?page_id=72532"},"modified":"2022-01-15T15:17:56","modified_gmt":"2022-01-15T14:17:56","slug":"versand-lieferbedingungen","status":"publish","type":"page","link":"https:\/\/waffenhandel-dresden.de\/index.php\/versand-lieferbedingungen\/","title":{"rendered":"Versand-\/Lieferbedingungen"},"content":{"rendered":"\n<ol class=\"wp-block-list\" type=\"1\"><li>Anlieferservice f\u00fcr Munition f\u00fcr 85\u20ac (bis 800kg Gesamtwarengewicht\/Anlieferung) im Umkreis bis 50km, 165\u20ac im Umkreis ab 50km bis 100km (Umkreisbezogen auf unsere Filiale Dresden, Drescherh\u00e4user 2-4, 01159 Dresden-Deutschland)<\/li><li>Die Versandkosten f\u00fcr postversandf\u00e4hige Ware betragen 7 EUR pro angefangene 30 Kg Gesamtgewicht. F\u00fcr Bestellungen aus dem Ausland werden die Versandkosten kundenindividuell berechnet. Bei Auslandsbestellungen und Lieferung von Waren die nach Kundenspezifikation angefertigt werden erfolgt die Lieferung ausschlie\u00dflich gegen Vorkasse.<\/li><li>Die Versandkosten f\u00fcr erlaubnispflichtige Waffen betragen 36\u20ac pro Waffe, f\u00fcr erlaubnispflichtige Munition pro Paket:<ul><li>bis 10 kg 35 Euro<\/li><li>bis 20 kg 48 Euro<\/li><li>bis 30 kg 55 Euro<\/li><\/ul><\/li><li>Anfallende Fahrtkosten sowie Spesen bei Reisen, wenn f\u00fcr die Durchf\u00fchrung\/Erbringung von Dienstleistungen erforderlich, werden nach Aufwand separat berechnet.<\/li><\/ol>\n","protected":false},"excerpt":{"rendered":"<p>Anlieferservice f\u00fcr Munition f\u00fcr 85\u20ac (bis 800kg Gesamtwarengewicht\/Anlieferung) im Umkreis bis 50km, 165\u20ac im Umkreis ab 50km bis 100km (Umkreisbezogen auf unsere Filiale Dresden, Drescherh\u00e4user 2-4, 01159 Dresden-Deutschland) Die Versandkosten f\u00fcr postversandf\u00e4hige Ware betragen 7 EUR pro angefangene 30 Kg Gesamtgewicht. F\u00fcr Bestellungen aus dem Ausland werden die Versandkosten kundenindividuell berechnet. Bei Auslandsbestellungen und Lieferung [&hellip;]<\/p>\n","protected":false},"author":2,"featured_media":0,"parent":0,"menu_order":0,"comment_status":"closed","ping_status":"closed","template":"","meta":{"footnotes":""},"class_list":["post-72532","page","type-page","status-publish","hentry"],"_links":{"self":[{"href":"https:\/\/waffenhandel-dresden.de\/index.php\/wp-json\/wp\/v2\/pages\/72532","targetHints":{"allow":["GET"]}}],"collection":[{"href":"https:\/\/waffenhandel-dresden.de\/index.php\/wp-json\/wp\/v2\/pages"}],"about":[{"href":"https:\/\/waffenhandel-dresden.de\/index.php\/wp-json\/wp\/v2\/types\/page"}],"author":[{"embeddable":true,"href":"https:\/\/waffenhandel-dresden.de\/index.php\/wp-json\/wp\/v2\/users\/2"}],"replies":[{"embeddable":true,"href":"https:\/\/waffenhandel-dresden.de\/index.php\/wp-json\/wp\/v2\/comments?post=72532"}],"version-history":[{"count":2,"href":"https:\/\/waffenhandel-dresden.de\/index.php\/wp-json\/wp\/v2\/pages\/72532\/revisions"}],"predecessor-version":[{"id":160162,"href":"https:\/\/waffenhandel-dresden.de\/index.php\/wp-json\/wp\/v2\/pages\/72532\/revisions\/160162"}],"wp:attachment":[{"href":"https:\/\/waffenhandel-dresden.de\/index.php\/wp-json\/wp\/v2\/media?parent=72532"}],"curies":[{"name":"wp","href":"https:\/\/api.w.org\/{rel}","templated":true}]}}