{"id":73,"date":"2019-11-19T17:31:39","date_gmt":"2019-11-19T16:31:39","guid":{"rendered":"https:\/\/grumpit.de\/waffenhandel-dresden\/?page_id=73"},"modified":"2026-02-26T16:30:39","modified_gmt":"2026-02-26T15:30:39","slug":"waffenhandel","status":"publish","type":"page","link":"https:\/\/waffenhandel-dresden.de\/index.php\/waffenhandel\/","title":{"rendered":"Ladengesch\u00e4ft"},"content":{"rendered":"\n<p class=\"has-text-align-center\"><mark style=\"background-color:rgba(0, 0, 0, 0)\" class=\"has-inline-color has-black-color\">Auf 100m\u00b2 Verkaufs- und Beratungsfl\u00e4che bieten wir Ihnen ein umfangreiches Sortiment an Schie\u00dfsport- und Jagdausr\u00fcstung sowie aus dem Bereich Outdoor- und Freizeit an. Wir beraten Sie gern. Kommen Sie vorbei, wir freuen uns auf Ihren Besuch.<\/mark><\/p>\n\n\n\n<p class=\"has-text-align-center\"><mark style=\"background-color:rgba(0, 0, 0, 0)\" class=\"has-inline-color has-black-color\">Ihr Team vom Waffenhandel Matthias Zeh<\/mark><\/p>\n\n\n<div class=\"wp-block-image\">\n<figure class=\"aligncenter size-large\"><img loading=\"lazy\" decoding=\"async\" width=\"1024\" height=\"346\" src=\"https:\/\/waffenhandel-dresden.de\/wp-content\/uploads\/2022\/01\/Waffenhandel_Dresden-1024x346.jpg\" alt=\"\" class=\"wp-image-159326\" srcset=\"https:\/\/waffenhandel-dresden.de\/wp-content\/uploads\/2022\/01\/Waffenhandel_Dresden-1024x346.jpg 1024w, https:\/\/waffenhandel-dresden.de\/wp-content\/uploads\/2022\/01\/Waffenhandel_Dresden-300x101.jpg 300w, https:\/\/waffenhandel-dresden.de\/wp-content\/uploads\/2022\/01\/Waffenhandel_Dresden-768x260.jpg 768w, https:\/\/waffenhandel-dresden.de\/wp-content\/uploads\/2022\/01\/Waffenhandel_Dresden-1536x520.jpg 1536w, https:\/\/waffenhandel-dresden.de\/wp-content\/uploads\/2022\/01\/Waffenhandel_Dresden-2048x693.jpg 2048w, https:\/\/waffenhandel-dresden.de\/wp-content\/uploads\/2022\/01\/Waffenhandel_Dresden-416x141.jpg 416w\" sizes=\"auto, (max-width: 1024px) 100vw, 1024px\" \/><\/figure>\n<\/div>\n\n<div class=\"wp-block-image\">\n<figure class=\"aligncenter size-large\"><img loading=\"lazy\" decoding=\"async\" width=\"1024\" height=\"347\" src=\"https:\/\/waffenhandel-dresden.de\/wp-content\/uploads\/2022\/01\/Waffengeschaeft_Dresden-1024x347.jpg\" alt=\"\" class=\"wp-image-159328\" srcset=\"https:\/\/waffenhandel-dresden.de\/wp-content\/uploads\/2022\/01\/Waffengeschaeft_Dresden-1024x347.jpg 1024w, https:\/\/waffenhandel-dresden.de\/wp-content\/uploads\/2022\/01\/Waffengeschaeft_Dresden-300x102.jpg 300w, https:\/\/waffenhandel-dresden.de\/wp-content\/uploads\/2022\/01\/Waffengeschaeft_Dresden-768x260.jpg 768w, https:\/\/waffenhandel-dresden.de\/wp-content\/uploads\/2022\/01\/Waffengeschaeft_Dresden-1536x520.jpg 1536w, https:\/\/waffenhandel-dresden.de\/wp-content\/uploads\/2022\/01\/Waffengeschaeft_Dresden-2048x694.jpg 2048w, https:\/\/waffenhandel-dresden.de\/wp-content\/uploads\/2022\/01\/Waffengeschaeft_Dresden-416x141.jpg 416w\" sizes=\"auto, (max-width: 1024px) 100vw, 1024px\" \/><\/figure>\n<\/div>\n\n<div class=\"wp-block-image\">\n<figure class=\"aligncenter size-large\"><img loading=\"lazy\" decoding=\"async\" width=\"1024\" height=\"393\" src=\"https:\/\/waffenhandel-dresden.de\/wp-content\/uploads\/2026\/02\/bearbeitet-3-1024x393.jpg\" alt=\"\" class=\"wp-image-559658\" srcset=\"https:\/\/waffenhandel-dresden.de\/wp-content\/uploads\/2026\/02\/bearbeitet-3-1024x393.jpg 1024w, https:\/\/waffenhandel-dresden.de\/wp-content\/uploads\/2026\/02\/bearbeitet-3-300x115.jpg 300w, https:\/\/waffenhandel-dresden.de\/wp-content\/uploads\/2026\/02\/bearbeitet-3-768x295.jpg 768w, https:\/\/waffenhandel-dresden.de\/wp-content\/uploads\/2026\/02\/bearbeitet-3-1536x590.jpg 1536w, https:\/\/waffenhandel-dresden.de\/wp-content\/uploads\/2026\/02\/bearbeitet-3-2048x787.jpg 2048w, https:\/\/waffenhandel-dresden.de\/wp-content\/uploads\/2026\/02\/bearbeitet-3-416x160.jpg 416w\" sizes=\"auto, (max-width: 1024px) 100vw, 1024px\" \/><\/figure>\n<\/div>\n\n\n<p class=\"has-text-align-center\">Parkfl\u00e4chen sowie Verkaufsr\u00e4ume sind aus Sicherheitsgr\u00fcnden f\u00fcr uns und unsere Kunden video\u00fcberwacht. Auskunft zur Datenverarbeitung erhalten Sie bei Matthias Zeh &#8211; Tel.0351 2148883, info@tactic24.de.<\/p>\n","protected":false},"excerpt":{"rendered":"<p>Auf 100m\u00b2 Verkaufs- und Beratungsfl\u00e4che bieten wir Ihnen ein umfangreiches Sortiment an Schie\u00dfsport- und Jagdausr\u00fcstung sowie aus dem Bereich Outdoor- und Freizeit an. Wir beraten Sie gern. Kommen Sie vorbei, wir freuen uns auf Ihren Besuch. Ihr Team vom Waffenhandel Matthias Zeh Parkfl\u00e4chen sowie Verkaufsr\u00e4ume sind aus Sicherheitsgr\u00fcnden f\u00fcr uns und unsere Kunden video\u00fcberwacht. Auskunft [&hellip;]<\/p>\n","protected":false},"author":1,"featured_media":0,"parent":0,"menu_order":0,"comment_status":"closed","ping_status":"closed","template":"","meta":{"footnotes":""},"class_list":["post-73","page","type-page","status-publish","hentry"],"_links":{"self":[{"href":"https:\/\/waffenhandel-dresden.de\/index.php\/wp-json\/wp\/v2\/pages\/73","targetHints":{"allow":["GET"]}}],"collection":[{"href":"https:\/\/waffenhandel-dresden.de\/index.php\/wp-json\/wp\/v2\/pages"}],"about":[{"href":"https:\/\/waffenhandel-dresden.de\/index.php\/wp-json\/wp\/v2\/types\/page"}],"author":[{"embeddable":true,"href":"https:\/\/waffenhandel-dresden.de\/index.php\/wp-json\/wp\/v2\/users\/1"}],"replies":[{"embeddable":true,"href":"https:\/\/waffenhandel-dresden.de\/index.php\/wp-json\/wp\/v2\/comments?post=73"}],"version-history":[{"count":10,"href":"https:\/\/waffenhandel-dresden.de\/index.php\/wp-json\/wp\/v2\/pages\/73\/revisions"}],"predecessor-version":[{"id":559659,"href":"https:\/\/waffenhandel-dresden.de\/index.php\/wp-json\/wp\/v2\/pages\/73\/revisions\/559659"}],"wp:attachment":[{"href":"https:\/\/waffenhandel-dresden.de\/index.php\/wp-json\/wp\/v2\/media?parent=73"}],"curies":[{"name":"wp","href":"https:\/\/api.w.org\/{rel}","templated":true}]}}