{"id":561864,"date":"2026-03-05T16:39:35","date_gmt":"2026-03-05T15:39:35","guid":{"rendered":"https:\/\/waffenhandel-dresden.de\/index.php\/produkt\/halbautomatische-pistole-canik-mod-tp9-da-kaliber-9mm-luger\/"},"modified":"2026-04-13T21:10:42","modified_gmt":"2026-04-13T19:10:42","slug":"halbautomatische-pistole-canik-mod-tp9-da-kaliber-9mm-luger","status":"publish","type":"product","link":"https:\/\/waffenhandel-dresden.de\/index.php\/produkt\/halbautomatische-pistole-canik-mod-tp9-da-kaliber-9mm-luger\/","title":{"rendered":"Halbautomatische Pistole CANIK, Mod. TP9 DA, Kaliber 9mm Luger"},"content":{"rendered":"","protected":false},"excerpt":{"rendered":"<p>Eine Pistole f\u00fcr Beh\u00f6rden, Sicherheitsdienste, J\u00e4ger und Sportsch\u00fctzen gleicherma\u00dfen mit hervorragendem Preis-\/ Leistungsverh\u00e4ltnis.<br \/>\nDas Abzugssystem mit Entspannknopf erm\u00f6glicht es dem Benutzer, die Pistole entspannt mit verl\u00e4ngertem ersten Abzugsweg zu f\u00fchren. \u00c4hnlich wie bei traditionellen DA Pistolen mit Schlaghammer.<\/p>\n<p>-4 Zoll Lauf (idealer Kompromiss zwischen Kompakt- und Full Size Waffe)<br \/>\n-feste Visierung Warren Tactical Visiereinsatz<br \/>\n-Schlagbolzenzustandsanzeige<br \/>\n-wechselbare Griffr\u00fccken<br \/>\n-2 Magazine inkl. Ladehilfe, Kapazit\u00e4t 18 Schuss<br \/>\n-Abzugssicherung<\/p>\n<p>Auslieferung erfolgt inkl Holster und Reinigungsset<\/p>\n<p>Herstellerinformation:<br \/>\nWaffenhandel Matthias Zeh<br \/>\nDrescherh\u00e4user 2-4, 01159 Dresden \u2013 info@tactic24.de, Tel. +49 351 21488873.<br \/>\n<\/p>\n<p>Abgabe nur an Inhaber einer Erwerbserlaubnis.<\/p>\n<p><span style=\"color:green;font-weight:bold\"><i class=\"fas fa-check-circle\"><\/i> vorr&auml;tig <\/span><\/p>\n<h3>Liefer- und Versandkosten<\/h3>\n<p>Die Versandkosten belaufen sich auf <strong>39 Euro<\/strong> pro Waffe.<\/p>\n<p>Bei Interesse kontaktieren Sie uns unter <a href=\"mailto:info@tactic24.de\">info@tactic24.de<\/a>.<\/p>\n<p>Verantwortlicher Wirtschaftsakteur gem\u00e4\u00df EU-Verordnung:<br \/>Waffenhandel Matthias Zeh, Drescherh\u00e4user 2-4, 01159 Dresden &#8211; <a href=\"mailto:info@tactic24.de\">info@tactic24.de<\/a>, Tel. +49 351 21488873.<\/p>\n","protected":false},"featured_media":577509,"template":"","meta":[],"product_brand":[],"product_cat":[89,82,79,81,36],"product_tag":[],"class_list":{"0":"post-561864","1":"product","2":"type-product","3":"status-publish","4":"has-post-thumbnail","6":"product_cat-9mm-grosskaliber","7":"product_cat-grosskaliber","8":"product_cat-kurzwaffen-waffen","9":"product_cat-pistolen","10":"product_cat-waffen","12":"first","13":"instock","14":"taxable","15":"shipping-taxable","16":"purchasable","17":"product-type-simple"},"_links":{"self":[{"href":"https:\/\/waffenhandel-dresden.de\/index.php\/wp-json\/wp\/v2\/product\/561864","targetHints":{"allow":["GET"]}}],"collection":[{"href":"https:\/\/waffenhandel-dresden.de\/index.php\/wp-json\/wp\/v2\/product"}],"about":[{"href":"https:\/\/waffenhandel-dresden.de\/index.php\/wp-json\/wp\/v2\/types\/product"}],"wp:featuredmedia":[{"embeddable":true,"href":"https:\/\/waffenhandel-dresden.de\/index.php\/wp-json\/wp\/v2\/media\/577509"}],"wp:attachment":[{"href":"https:\/\/waffenhandel-dresden.de\/index.php\/wp-json\/wp\/v2\/media?parent=561864"}],"wp:term":[{"taxonomy":"product_brand","embeddable":true,"href":"https:\/\/waffenhandel-dresden.de\/index.php\/wp-json\/wp\/v2\/product_brand?post=561864"},{"taxonomy":"product_cat","embeddable":true,"href":"https:\/\/waffenhandel-dresden.de\/index.php\/wp-json\/wp\/v2\/product_cat?post=561864"},{"taxonomy":"product_tag","embeddable":true,"href":"https:\/\/waffenhandel-dresden.de\/index.php\/wp-json\/wp\/v2\/product_tag?post=561864"}],"curies":[{"name":"wp","href":"https:\/\/api.w.org\/{rel}","templated":true}]}}