{"id":561870,"date":"2026-03-05T16:39:42","date_gmt":"2026-03-05T15:39:42","guid":{"rendered":"https:\/\/waffenhandel-dresden.de\/index.php\/produkt\/vorderschaftrepetierflinte-winchester-mod-sxp-xtrem-dark-earth-defender-kaliber-12-76\/"},"modified":"2026-05-04T21:11:24","modified_gmt":"2026-05-04T19:11:24","slug":"vorderschaftrepetierflinte-winchester-mod-sxp-xtrem-dark-earth-defender-kaliber-12-76","status":"publish","type":"product","link":"https:\/\/waffenhandel-dresden.de\/index.php\/produkt\/vorderschaftrepetierflinte-winchester-mod-sxp-xtrem-dark-earth-defender-kaliber-12-76\/","title":{"rendered":"Vorderschaftrepetierflinte Winchester, Mod. SXP XTREM DARK EARTH DEFENDER, Kaliber 12\/76"},"content":{"rendered":"","protected":false},"excerpt":{"rendered":"<p>Eine fututristsich aussehende und extrem pr\u00e4zise Vorderschaftrepetierflinte. F\u00fcr das dynamische Schie\u00dfen praktische Flinte bietet Sie ein hervorragendes Handling.<\/p>\n<p>Laufl\u00e4ge: 460 mm \/ 18&#8243;, Desert Tan Finish<br \/>\nChokes: Invector + &#8222;Door Breacher&#8220;<br \/>\nVisierung: Ghost Ring, Picatinnyschiene<br \/>\nHeatshield (Hitzeschild), zweiter Schaftr\u00fccken<br \/>\nMagazinkapazit\u00e4t: 5+1<br \/>\nAuslieferung inkl. zwei verstellbare Schaftbacken<\/p>\n<p>Herstellerinformation:<br \/>\nWaffenhandel Matthias Zeh<br \/>\nDrescherh\u00e4user 2-4, 01159 Dresden \u2013 info@tactic24.de, Tel. +49 351 21488873<br \/>\n<\/p>\n<p>Abgabe nur an Inhaber einer Erwerbserlaubnis.<\/p>\n<p><span style=\"color:green;font-weight:bold\"><i class=\"fas fa-check-circle\"><\/i> vorr&auml;tig <\/span><\/p>\n<h3>Liefer- und Versandkosten<\/h3>\n<p>Die Versandkosten belaufen sich auf <strong>39 Euro<\/strong> pro Waffe.<\/p>\n<p>Bei Interesse kontaktieren Sie uns unter <a href=\"mailto:info@tactic24.de\">info@tactic24.de<\/a>.<\/p>\n<p>Verantwortlicher Wirtschaftsakteur gem\u00e4\u00df EU-Verordnung:<br \/>Waffenhandel Matthias Zeh, Drescherh\u00e4user 2-4, 01159 Dresden &#8211; <a href=\"mailto:info@tactic24.de\">info@tactic24.de<\/a>, Tel. +49 351 21488873.<\/p>\n","protected":false},"featured_media":584871,"template":"","meta":[],"product_brand":[],"product_cat":[97,92,93,36],"product_tag":[],"class_list":{"0":"post-561870","1":"product","2":"type-product","3":"status-publish","4":"has-post-thumbnail","6":"product_cat-flinten","7":"product_cat-langwaffen-waffen","8":"product_cat-repetierer","9":"product_cat-waffen","11":"first","12":"instock","13":"taxable","14":"shipping-taxable","15":"purchasable","16":"product-type-simple"},"_links":{"self":[{"href":"https:\/\/waffenhandel-dresden.de\/index.php\/wp-json\/wp\/v2\/product\/561870","targetHints":{"allow":["GET"]}}],"collection":[{"href":"https:\/\/waffenhandel-dresden.de\/index.php\/wp-json\/wp\/v2\/product"}],"about":[{"href":"https:\/\/waffenhandel-dresden.de\/index.php\/wp-json\/wp\/v2\/types\/product"}],"wp:featuredmedia":[{"embeddable":true,"href":"https:\/\/waffenhandel-dresden.de\/index.php\/wp-json\/wp\/v2\/media\/584871"}],"wp:attachment":[{"href":"https:\/\/waffenhandel-dresden.de\/index.php\/wp-json\/wp\/v2\/media?parent=561870"}],"wp:term":[{"taxonomy":"product_brand","embeddable":true,"href":"https:\/\/waffenhandel-dresden.de\/index.php\/wp-json\/wp\/v2\/product_brand?post=561870"},{"taxonomy":"product_cat","embeddable":true,"href":"https:\/\/waffenhandel-dresden.de\/index.php\/wp-json\/wp\/v2\/product_cat?post=561870"},{"taxonomy":"product_tag","embeddable":true,"href":"https:\/\/waffenhandel-dresden.de\/index.php\/wp-json\/wp\/v2\/product_tag?post=561870"}],"curies":[{"name":"wp","href":"https:\/\/api.w.org\/{rel}","templated":true}]}}