{"id":561878,"date":"2026-03-05T16:39:52","date_gmt":"2026-03-05T15:39:52","guid":{"rendered":"https:\/\/waffenhandel-dresden.de\/index.php\/produkt\/revolver-smith-wesson-mod-19-6-kaliber-357mag-4\/"},"modified":"2026-04-04T21:11:02","modified_gmt":"2026-04-04T19:11:02","slug":"revolver-smith-wesson-mod-19-6-kaliber-357mag-4","status":"publish","type":"product","link":"https:\/\/waffenhandel-dresden.de\/index.php\/produkt\/revolver-smith-wesson-mod-19-6-kaliber-357mag-4\/","title":{"rendered":"Revolver Smith &amp; Wesson, Mod. 19-6, Kaliber .357Mag."},"content":{"rendered":"","protected":false},"excerpt":{"rendered":"<p>Man sieht dem Revolver die sprichw\u00f6rtliche Qualit\u00e4t an. Ein Revolver f\u00fcr Sportsch\u00fctze und Sicherheitsdienste gleicherma\u00dfen.<\/p>\n<p>-4 Zoll Lauf<br \/>\n-verstellbare Visierung<br \/>\n-6 Schuss Trommelmagazin<br \/>\n-edle Holzgriffschalen<br \/>\n-Zustand I-II<\/p>\n<p>Gebrauchtwaffe, Differenzbesteuert nach \u00a725a UstG.<\/p>\n<p>Herstellerinformation:<br \/>\nWaffenhandel Matthias Zeh<br \/>\nDrescherh\u00e4user 2-4, 01159 Dresden \u2013 info@tactic24.de, Tel. +49 351 21488873<br \/>\n<\/p>\n<p>Abgabe nur an Inhaber einer Erwerbserlaubnis.<\/p>\n<p><span style=\"color:green;font-weight:bold\"><i class=\"fas fa-check-circle\"><\/i> vorr&auml;tig <\/span><\/p>\n<h3>Liefer- und Versandkosten<\/h3>\n<p>Die Versandkosten belaufen sich auf <strong>39 Euro<\/strong> pro Waffe.<\/p>\n<p>Bei Interesse kontaktieren Sie uns unter <a href=\"mailto:info@tactic24.de\">info@tactic24.de<\/a>.<\/p>\n<p>Verantwortlicher Wirtschaftsakteur gem\u00e4\u00df EU-Verordnung:<br \/>Waffenhandel Matthias Zeh, Drescherh\u00e4user 2-4, 01159 Dresden &#8211; <a href=\"mailto:info@tactic24.de\">info@tactic24.de<\/a>, Tel. +49 351 21488873.<\/p>\n","protected":false},"featured_media":574376,"template":"","meta":[],"product_brand":[],"product_cat":[87,83,79,80,36],"product_tag":[],"class_list":{"0":"post-561878","1":"product","2":"type-product","3":"status-publish","4":"has-post-thumbnail","6":"product_cat-38spl-357mag","7":"product_cat-grosskaliber-revolver","8":"product_cat-kurzwaffen-waffen","9":"product_cat-revolver","10":"product_cat-waffen","12":"first","13":"instock","14":"taxable","15":"shipping-taxable","16":"purchasable","17":"product-type-simple"},"_links":{"self":[{"href":"https:\/\/waffenhandel-dresden.de\/index.php\/wp-json\/wp\/v2\/product\/561878","targetHints":{"allow":["GET"]}}],"collection":[{"href":"https:\/\/waffenhandel-dresden.de\/index.php\/wp-json\/wp\/v2\/product"}],"about":[{"href":"https:\/\/waffenhandel-dresden.de\/index.php\/wp-json\/wp\/v2\/types\/product"}],"wp:featuredmedia":[{"embeddable":true,"href":"https:\/\/waffenhandel-dresden.de\/index.php\/wp-json\/wp\/v2\/media\/574376"}],"wp:attachment":[{"href":"https:\/\/waffenhandel-dresden.de\/index.php\/wp-json\/wp\/v2\/media?parent=561878"}],"wp:term":[{"taxonomy":"product_brand","embeddable":true,"href":"https:\/\/waffenhandel-dresden.de\/index.php\/wp-json\/wp\/v2\/product_brand?post=561878"},{"taxonomy":"product_cat","embeddable":true,"href":"https:\/\/waffenhandel-dresden.de\/index.php\/wp-json\/wp\/v2\/product_cat?post=561878"},{"taxonomy":"product_tag","embeddable":true,"href":"https:\/\/waffenhandel-dresden.de\/index.php\/wp-json\/wp\/v2\/product_tag?post=561878"}],"curies":[{"name":"wp","href":"https:\/\/api.w.org\/{rel}","templated":true}]}}