{"id":561907,"date":"2026-03-05T16:40:30","date_gmt":"2026-03-05T15:40:30","guid":{"rendered":"https:\/\/waffenhandel-dresden.de\/index.php\/produkt\/wechselsystem-ceska-we-satz-fuer-cz-sp-01-kadet-kaliber-22lr\/"},"modified":"2026-04-17T07:25:15","modified_gmt":"2026-04-17T05:25:15","slug":"wechselsystem-ceska-we-satz-fuer-cz-sp-01-kadet-kaliber-22lr","status":"publish","type":"product","link":"https:\/\/waffenhandel-dresden.de\/index.php\/produkt\/wechselsystem-ceska-we-satz-fuer-cz-sp-01-kadet-kaliber-22lr\/","title":{"rendered":"Wechselsystem Ceska, WE-Satz f\u00fcr CZ SP-01, Kadet, Kaliber .22lr"},"content":{"rendered":"","protected":false},"excerpt":{"rendered":"<p>Passend f\u00fcr Pistolen vom Typ CZ SP-01, mit dem Shadow-Rahmen.<br \/>\nF\u00fcr eine st\u00f6rungsfreie Funktion, sind m\u00f6glicherweise Anpassungsarbeiten durch einen B\u00fcchsenmacher notwendig.<\/p>\n<p>Hersteller:<br \/>\n\u010cesk\u00e1 Zbrojovka<br \/>\nSvatopluka Cecha 1283<br \/>\n688 01 Uhersk\u00fd Brod, CZ<br \/>\nondrusekj@czub.cz<br \/>\n<\/p>\n<p>Abgabe nur an Inhaber einer Erwerbserlaubnis.<\/p>\n<p><span style=\"color:green;font-weight:bold\"><i class=\"fas fa-check-circle\"><\/i> vorr&auml;tig <\/span><\/p>\n<h3>Liefer- und Versandkosten<\/h3>\n<p>Die Versandkosten belaufen sich auf <strong>39 Euro<\/strong> pro Waffe.<\/p>\n<p>Bei Interesse kontaktieren Sie uns unter <a href=\"mailto:info@tactic24.de\">info@tactic24.de<\/a>.<\/p>\n<p>Verantwortlicher Wirtschaftsakteur gem\u00e4\u00df EU-Verordnung:<br \/>Waffenhandel Matthias Zeh, Drescherh\u00e4user 2-4, 01159 Dresden &#8211; <a href=\"mailto:info@tactic24.de\">info@tactic24.de<\/a>, Tel. +49 351 21488873.<\/p>\n","protected":false},"featured_media":578909,"template":"","meta":[],"product_brand":[],"product_cat":[85,79,81,36],"product_tag":[],"class_list":{"0":"post-561907","1":"product","2":"type-product","3":"status-publish","4":"has-post-thumbnail","6":"product_cat-kleinkaliber-pistolen","7":"product_cat-kurzwaffen-waffen","8":"product_cat-pistolen","9":"product_cat-waffen","11":"first","12":"instock","13":"taxable","14":"shipping-taxable","15":"purchasable","16":"product-type-simple"},"_links":{"self":[{"href":"https:\/\/waffenhandel-dresden.de\/index.php\/wp-json\/wp\/v2\/product\/561907","targetHints":{"allow":["GET"]}}],"collection":[{"href":"https:\/\/waffenhandel-dresden.de\/index.php\/wp-json\/wp\/v2\/product"}],"about":[{"href":"https:\/\/waffenhandel-dresden.de\/index.php\/wp-json\/wp\/v2\/types\/product"}],"wp:featuredmedia":[{"embeddable":true,"href":"https:\/\/waffenhandel-dresden.de\/index.php\/wp-json\/wp\/v2\/media\/578909"}],"wp:attachment":[{"href":"https:\/\/waffenhandel-dresden.de\/index.php\/wp-json\/wp\/v2\/media?parent=561907"}],"wp:term":[{"taxonomy":"product_brand","embeddable":true,"href":"https:\/\/waffenhandel-dresden.de\/index.php\/wp-json\/wp\/v2\/product_brand?post=561907"},{"taxonomy":"product_cat","embeddable":true,"href":"https:\/\/waffenhandel-dresden.de\/index.php\/wp-json\/wp\/v2\/product_cat?post=561907"},{"taxonomy":"product_tag","embeddable":true,"href":"https:\/\/waffenhandel-dresden.de\/index.php\/wp-json\/wp\/v2\/product_tag?post=561907"}],"curies":[{"name":"wp","href":"https:\/\/api.w.org\/{rel}","templated":true}]}}