{"id":561915,"date":"2026-03-05T16:40:40","date_gmt":"2026-03-05T15:40:40","guid":{"rendered":"https:\/\/waffenhandel-dresden.de\/index.php\/produkt\/repetierbuechse-savage-mod-impulse-hog-hunter-kaliber-308win\/"},"modified":"2026-04-13T21:11:57","modified_gmt":"2026-04-13T19:11:57","slug":"repetierbuechse-savage-mod-impulse-hog-hunter-kaliber-308win","status":"publish","type":"product","link":"https:\/\/waffenhandel-dresden.de\/index.php\/produkt\/repetierbuechse-savage-mod-impulse-hog-hunter-kaliber-308win\/","title":{"rendered":"Repetierb\u00fcchse Savage, Mod. Impulse Hog Hunter, Kaliber .308Win"},"content":{"rendered":"","protected":false},"excerpt":{"rendered":"<p>Der Geradezugrepetierer von Savage ist jagdlich eine erstklassige Wahl.<\/p>\n<p>-L\u00e4ngen- und h\u00f6henverstellbarer AccuFit- Synthetikschaft, Farbe: olivgr\u00fcn\/schwarz.<br \/>\n-AccuStock Systembettung<br \/>\n-Riemen\u00f6sen<br \/>\n-verstellbarer Abzug<br \/>\n-Sicherung auf dem Kolbenhals<br \/>\n-Laufl\u00e4nge: 18\u201c\/46 cm<br \/>\n-M\u00fcndungsgewinde 5\/8\u201cx24<br \/>\n-Dralll\u00e4nge1:10&#8243;<br \/>\n-inkl. 1-teilig. Picatinny Schiene<br \/>\n-Magazin 4 Schuss<br \/>\n-Gewicht: 3,7kg<\/p>\n<p>Herstellerinformation:<br \/>\nWaffenhandel Matthias Zeh<br \/>\nDrescherh\u00e4user 2-4, 01159 Dresden \u2013 info@tactic24.de, Tel. +49 351 21488873.<br \/>\n<\/p>\n<p>Abgabe nur an Inhaber einer Erwerbserlaubnis.<\/p>\n<p><span style=\"color:green;font-weight:bold\"><i class=\"fas fa-check-circle\"><\/i> vorr&auml;tig <\/span><\/p>\n<h3>Liefer- und Versandkosten<\/h3>\n<p>Die Versandkosten belaufen sich auf <strong>39 Euro<\/strong> pro Waffe.<\/p>\n<p>Bei Interesse kontaktieren Sie uns unter <a href=\"mailto:info@tactic24.de\">info@tactic24.de<\/a>.<\/p>\n<p>Verantwortlicher Wirtschaftsakteur gem\u00e4\u00df EU-Verordnung:<br \/>Waffenhandel Matthias Zeh, Drescherh\u00e4user 2-4, 01159 Dresden &#8211; <a href=\"mailto:info@tactic24.de\">info@tactic24.de<\/a>, Tel. +49 351 21488873.<\/p>\n","protected":false},"featured_media":577542,"template":"","meta":[],"product_brand":[],"product_cat":[96,98,92,93,36],"product_tag":[],"class_list":{"0":"post-561915","1":"product","2":"type-product","3":"status-publish","4":"has-post-thumbnail","6":"product_cat-buechsen","7":"product_cat-grosskaliber-buechsen","8":"product_cat-langwaffen-waffen","9":"product_cat-repetierer","10":"product_cat-waffen","12":"first","13":"instock","14":"taxable","15":"shipping-taxable","16":"purchasable","17":"product-type-simple"},"_links":{"self":[{"href":"https:\/\/waffenhandel-dresden.de\/index.php\/wp-json\/wp\/v2\/product\/561915","targetHints":{"allow":["GET"]}}],"collection":[{"href":"https:\/\/waffenhandel-dresden.de\/index.php\/wp-json\/wp\/v2\/product"}],"about":[{"href":"https:\/\/waffenhandel-dresden.de\/index.php\/wp-json\/wp\/v2\/types\/product"}],"wp:featuredmedia":[{"embeddable":true,"href":"https:\/\/waffenhandel-dresden.de\/index.php\/wp-json\/wp\/v2\/media\/577542"}],"wp:attachment":[{"href":"https:\/\/waffenhandel-dresden.de\/index.php\/wp-json\/wp\/v2\/media?parent=561915"}],"wp:term":[{"taxonomy":"product_brand","embeddable":true,"href":"https:\/\/waffenhandel-dresden.de\/index.php\/wp-json\/wp\/v2\/product_brand?post=561915"},{"taxonomy":"product_cat","embeddable":true,"href":"https:\/\/waffenhandel-dresden.de\/index.php\/wp-json\/wp\/v2\/product_cat?post=561915"},{"taxonomy":"product_tag","embeddable":true,"href":"https:\/\/waffenhandel-dresden.de\/index.php\/wp-json\/wp\/v2\/product_tag?post=561915"}],"curies":[{"name":"wp","href":"https:\/\/api.w.org\/{rel}","templated":true}]}}