{"id":561961,"date":"2026-03-05T16:41:38","date_gmt":"2026-03-05T15:41:38","guid":{"rendered":"https:\/\/waffenhandel-dresden.de\/index.php\/produkt\/halbautomatische-buechse-haenel-mod-cr223-edition-battlepack-kaliber-223rem\/"},"modified":"2026-04-30T21:13:15","modified_gmt":"2026-04-30T19:13:15","slug":"halbautomatische-buechse-haenel-mod-cr223-edition-battlepack-kaliber-223rem","status":"publish","type":"product","link":"https:\/\/waffenhandel-dresden.de\/index.php\/produkt\/halbautomatische-buechse-haenel-mod-cr223-edition-battlepack-kaliber-223rem\/","title":{"rendered":"Halbautomatische B\u00fcchse Haenel, Mod. CR223 &#8211; Edition &#8222;Battlepack&#8220;, Kaliber .223Rem"},"content":{"rendered":"","protected":false},"excerpt":{"rendered":"<p>Eine Version die keine W\u00fcnsche offen l\u00e4sst. F\u00fcr schnelle Zielwechsel im Nahbereich ebenso geeignet, wie f\u00fcr den pr\u00e4zisen Schuss auf langen Distanzen.<\/p>\n<p>Halbautomat mit indirektem Gasdrucksystem, \u00fcberzeugt mit vielen Detailverbesserungen nicht nur Sportsch\u00fctzen sondern auch Polizei und Beh\u00f6rden.<br \/>\n-Laufl\u00e4nge 16,65&#8243;<br \/>\n-M\u00fcndungsgewinde M14x1<br \/>\n-Direktabzug mit 3.200 g Abzugsgewicht<br \/>\n-modifizierter M4- Schubschaft mit verstellbarer Schaftbacke<br \/>\n-A2 Standard M\u00fcndungsfeuerd\u00e4mpfer<br \/>\n-KeyMod Handschutz: L\u00e4nge: 205mm,  werkzeuglos demontierbar<br \/>\n-2xPicatinny Schiene auf 12:00\/06:00 Uhr<br \/>\n-mechanische Klappvisierung<br \/>\n-beidseitig bedienbare Abzugsicherung, Verschlussfanghebel und Magazinl\u00f6sehebel<br \/>\n-Magazinkapazit\u00e4t: 10 Schuss<br \/>\n-Farbe: schwarz<\/p>\n<p>inkl. Zielfernrohr EOTEC VUDU 1-10&#215;28 Abs. FFP SR5 (MRAD) &#8211; das Zielfernrohr f\u00fcr Sondereinheiten<br \/>\n-34mm Tubus f\u00fcr st\u00e4rkste Lichtleistung<br \/>\n-bis 10-fach-Zoom<br \/>\n-XC\u2122-Glas &#8211; hoher Dichte und geringe Dispersion<br \/>\n-Antireflexionsbeschichtung f\u00fcr effiziente Lichtdurchl\u00e4ssigkeit und un\u00fcbertroffene Klarheit<br \/>\n-Material: hochwertiger Korpus aus 1 St\u00fcck Flugzeugaluminium.<br \/>\n-Sehr hohe sto\u00dffestigkeit &amp; Einzelokularkonstruktion<br \/>\n-laserge\u00e4zte Einstellanzeigen und Druckknopf Beleuchtungssteuerung<br \/>\n-SR5 Leuchtpunktabsehen, glasge\u00e4zt mit MRAD Haltepunkte in 1. Bildebene,10fach Helligkeitsstufen<br \/>\n-Stickstofff\u00fcllung: Wasserdicht, beschlagfest,<br \/>\n-H\u00f6henverstellungsturm verf\u00fcgt \u00fcber ein Push\/Pull-Verriegelungssystem<br \/>\n-abgedeckter Seitenverstellturm <\/p>\n<p>inkl. taktischer Montageringe f\u00fcr Zielfernrohr (mit integrierter Libelle) <\/p>\n<p>inkl. HFGA Front Grip, black<\/p>\n<p>inkl. Magpul Tragesystem<br \/>\n-1xMagpul MS1 Sling<br \/>\n-1x Magpul QD Sling Swivel<br \/>\n-1x Sling Mount<\/p>\n<p>Auslieferung des Zubeh\u00f6rs erfolgt nicht montiert. Montage auf Wunsch gegen Aufpreis.<\/p>\n<p>Hersteller:<br \/>\nC.G. HAENEL GmbH<br \/>\nSch\u00fctzenstra\u00dfe 26<br \/>\n98527 Suhl, Deutschland<br \/>\ninfo@cg-haenel.de<\/p>\n<p>Abgabe nur an Inhaber einer Erwerbserlaubnis.<\/p>\n<p><span style=\"color:green;font-weight:bold\"><i class=\"fas fa-check-circle\"><\/i> vorr&auml;tig <\/span><\/p>\n<h3>Liefer- und Versandkosten<\/h3>\n<p>Die Versandkosten belaufen sich auf <strong>39 Euro<\/strong> pro Waffe.<\/p>\n<p>Bei Interesse kontaktieren Sie uns unter <a href=\"mailto:info@tactic24.de\">info@tactic24.de<\/a>.<\/p>\n<p>Verantwortlicher Wirtschaftsakteur gem\u00e4\u00df EU-Verordnung:<br \/>Waffenhandel Matthias Zeh, Drescherh\u00e4user 2-4, 01159 Dresden &#8211; <a href=\"mailto:info@tactic24.de\">info@tactic24.de<\/a>, Tel. +49 351 21488873.<\/p>\n","protected":false},"featured_media":584573,"template":"","meta":[],"product_brand":[],"product_cat":[100,102,92,94,36],"product_tag":[],"class_list":{"0":"post-561961","1":"product","2":"type-product","3":"status-publish","4":"has-post-thumbnail","6":"product_cat-buechsen-selbstlader","7":"product_cat-grosskaliber-buechsen-selbstlader","8":"product_cat-langwaffen-waffen","9":"product_cat-selbstlader","10":"product_cat-waffen","12":"first","13":"instock","14":"taxable","15":"shipping-taxable","16":"purchasable","17":"product-type-simple"},"_links":{"self":[{"href":"https:\/\/waffenhandel-dresden.de\/index.php\/wp-json\/wp\/v2\/product\/561961","targetHints":{"allow":["GET"]}}],"collection":[{"href":"https:\/\/waffenhandel-dresden.de\/index.php\/wp-json\/wp\/v2\/product"}],"about":[{"href":"https:\/\/waffenhandel-dresden.de\/index.php\/wp-json\/wp\/v2\/types\/product"}],"wp:featuredmedia":[{"embeddable":true,"href":"https:\/\/waffenhandel-dresden.de\/index.php\/wp-json\/wp\/v2\/media\/584573"}],"wp:attachment":[{"href":"https:\/\/waffenhandel-dresden.de\/index.php\/wp-json\/wp\/v2\/media?parent=561961"}],"wp:term":[{"taxonomy":"product_brand","embeddable":true,"href":"https:\/\/waffenhandel-dresden.de\/index.php\/wp-json\/wp\/v2\/product_brand?post=561961"},{"taxonomy":"product_cat","embeddable":true,"href":"https:\/\/waffenhandel-dresden.de\/index.php\/wp-json\/wp\/v2\/product_cat?post=561961"},{"taxonomy":"product_tag","embeddable":true,"href":"https:\/\/waffenhandel-dresden.de\/index.php\/wp-json\/wp\/v2\/product_tag?post=561961"}],"curies":[{"name":"wp","href":"https:\/\/api.w.org\/{rel}","templated":true}]}}