{"id":561970,"date":"2026-03-05T16:41:49","date_gmt":"2026-03-05T15:41:49","guid":{"rendered":"https:\/\/waffenhandel-dresden.de\/index.php\/produkt\/halbautomatische-buechse-luxdeftec-mod-ldt15-l5f-kaliber-223rem\/"},"modified":"2026-04-30T21:13:26","modified_gmt":"2026-04-30T19:13:26","slug":"halbautomatische-buechse-luxdeftec-mod-ldt15-l5f-kaliber-223rem","status":"publish","type":"product","link":"https:\/\/waffenhandel-dresden.de\/index.php\/produkt\/halbautomatische-buechse-luxdeftec-mod-ldt15-l5f-kaliber-223rem\/","title":{"rendered":"Halbautomatische B\u00fcchse Luxdeftec, Mod. LDT15-L5F, Kaliber .223Rem"},"content":{"rendered":"","protected":false},"excerpt":{"rendered":"<p>Pr\u00e4zise halbautomatische B\u00fcchse f\u00fcr Sport und Jagd mit beidseitig bedienbarer Sicherung und Magazinausl\u00f6ser.<br \/>\nDie Hauptkomponenten wie Upper, Lower und Lauf sind aus bew\u00e4hrter deutscher Produktion.<\/p>\n<p>-freischwingender Lauf, L\u00e4nge: 16,75&#8243;<br \/>\n-M\u00fcndungsgewinde 1\/2X28 UNEF<br \/>\n-M-Lock Handschutz<br \/>\n-Picatinny Schiene auf 12:00 Uhr<br \/>\n-Schubschaft<br \/>\n-inkl. Flip-Up Visierung<br \/>\n-inkl. Rail Schiene &#8211; 5 Slot<\/p>\n<p>Auslieferung erfolgt inkl.10 Schuss Mgazin<\/p>\n<p>Herstellerinformation:<br \/>\nWaffenhandel Matthias Zeh<br \/>\nDrescherh\u00e4user 2-4, 01159 Dresden \u2013 info@tactic24.de, Tel. +49 351 21488873.<br \/>\n<\/p>\n<p>Abgabe nur an Inhaber einer Erwerbserlaubnis.<\/p>\n<p><span style=\"color:green;font-weight:bold\"><i class=\"fas fa-check-circle\"><\/i> vorr&auml;tig <\/span><\/p>\n<h3>Liefer- und Versandkosten<\/h3>\n<p>Die Versandkosten belaufen sich auf <strong>39 Euro<\/strong> pro Waffe.<\/p>\n<p>Bei Interesse kontaktieren Sie uns unter <a href=\"mailto:info@tactic24.de\">info@tactic24.de<\/a>.<\/p>\n<p>Verantwortlicher Wirtschaftsakteur gem\u00e4\u00df EU-Verordnung:<br \/>Waffenhandel Matthias Zeh, Drescherh\u00e4user 2-4, 01159 Dresden &#8211; <a href=\"mailto:info@tactic24.de\">info@tactic24.de<\/a>, Tel. +49 351 21488873.<\/p>\n","protected":false},"featured_media":584579,"template":"","meta":[],"product_brand":[],"product_cat":[100,102,92,94,36],"product_tag":[],"class_list":{"0":"post-561970","1":"product","2":"type-product","3":"status-publish","4":"has-post-thumbnail","6":"product_cat-buechsen-selbstlader","7":"product_cat-grosskaliber-buechsen-selbstlader","8":"product_cat-langwaffen-waffen","9":"product_cat-selbstlader","10":"product_cat-waffen","12":"first","13":"instock","14":"taxable","15":"shipping-taxable","16":"purchasable","17":"product-type-simple"},"_links":{"self":[{"href":"https:\/\/waffenhandel-dresden.de\/index.php\/wp-json\/wp\/v2\/product\/561970","targetHints":{"allow":["GET"]}}],"collection":[{"href":"https:\/\/waffenhandel-dresden.de\/index.php\/wp-json\/wp\/v2\/product"}],"about":[{"href":"https:\/\/waffenhandel-dresden.de\/index.php\/wp-json\/wp\/v2\/types\/product"}],"wp:featuredmedia":[{"embeddable":true,"href":"https:\/\/waffenhandel-dresden.de\/index.php\/wp-json\/wp\/v2\/media\/584579"}],"wp:attachment":[{"href":"https:\/\/waffenhandel-dresden.de\/index.php\/wp-json\/wp\/v2\/media?parent=561970"}],"wp:term":[{"taxonomy":"product_brand","embeddable":true,"href":"https:\/\/waffenhandel-dresden.de\/index.php\/wp-json\/wp\/v2\/product_brand?post=561970"},{"taxonomy":"product_cat","embeddable":true,"href":"https:\/\/waffenhandel-dresden.de\/index.php\/wp-json\/wp\/v2\/product_cat?post=561970"},{"taxonomy":"product_tag","embeddable":true,"href":"https:\/\/waffenhandel-dresden.de\/index.php\/wp-json\/wp\/v2\/product_tag?post=561970"}],"curies":[{"name":"wp","href":"https:\/\/api.w.org\/{rel}","templated":true}]}}