{"id":561985,"date":"2026-03-05T16:42:06","date_gmt":"2026-03-05T15:42:06","guid":{"rendered":"https:\/\/waffenhandel-dresden.de\/index.php\/produkt\/halbautomatische-pistole-glock-mod-17-gen5-fr-coy-fs-fxd-kaliber-9mm-luger\/"},"modified":"2026-04-19T21:13:55","modified_gmt":"2026-04-19T19:13:55","slug":"halbautomatische-pistole-glock-mod-17-gen5-fr-coy-fs-fxd-kaliber-9mm-luger","status":"publish","type":"product","link":"https:\/\/waffenhandel-dresden.de\/index.php\/produkt\/halbautomatische-pistole-glock-mod-17-gen5-fr-coy-fs-fxd-kaliber-9mm-luger\/","title":{"rendered":"Halbautomatische Pistole Glock, Mod. 17 Gen5, FR Coy FS FXD, Kaliber 9mm Luger"},"content":{"rendered":"","protected":false},"excerpt":{"rendered":"<p>Diese spezifische Konfiguration der G17 Gen5 FR ist das erste Gen5-Pistolenmodell mit einem coyotefarbenen Rahmen. Diese Version der Glock 17 wird derzeit bei mehreren Nutzergruppen innerhalb der franz\u00f6sischen Streitkr\u00e4fte eingesetzt. Sie wird von den Streitkr\u00e4ften beschrieben als \u00fcberzeugend pr\u00e4zise, zuverl\u00e4ssig und einfach zu trainieren. Mit einer Mindestlebensdauerpr\u00fcfung von 26.350 Schuss wurde vom Hersteller sichergestellt, dass die ausgew\u00e4hlten Pistolen den hohen milit\u00e4rischen Anforderungen dauerhaft entsprechen.<\/p>\n<p>zus\u00e4tzliche Features zur G17 Gen5:<\/p>\n<p>Griffst\u00fcck im Coyote Farbton<br \/>\nlumineszierende Stahlvisiere in U-Form<br \/>\nLanyard-Clip<br \/>\nverl\u00e4ngerte Schlittenverriegelung<\/p>\n<p>Technische Daten:<br \/>\nPolymergriffst\u00fcck mit Stahleinlage<br \/>\nSicherung: 3, innenliegend, Abzugssystem: Safe Action mit teilvorgespanntem System Abzugsgewicht: 26 N<br \/>\nGLOCK Marksman Lauf mit Laufprofil: GMB Hexagonal<br \/>\nAbzugsgewicht: 26N<br \/>\nLaufl\u00e4nge: 114 mm<br \/>\nluminiszierende Visierung<br \/>\nGewicht: 708 g<br \/>\nMagazinkapazit\u00e4t: 17 Patronen<\/p>\n<p>Auslieferung erfolgt inkl. 2 Magazinen, Ladehilfe und Pistolenkoffer in Coyote Farbton<\/p>\n<p>Hersteller:<br \/>\nGLOCK Ges.m.b.H.<br \/>\nGaston Glock-Platz 1<br \/>\n2232 Deutsch-Wagram, \u00d6sterreich<br \/>\nKontakt: eu.glock.com\/en\/Contact-and-support<\/p>\n<p>Abgabe nur an Inhaber einer Erwerbserlaubnis.<\/p>\n<p><span style=\"color:green;font-weight:bold\"><i class=\"fas fa-check-circle\"><\/i> vorr&auml;tig <\/span><\/p>\n<h3>Liefer- und Versandkosten<\/h3>\n<p>Die Versandkosten belaufen sich auf <strong>39 Euro<\/strong> pro Waffe.<\/p>\n<p>Bei Interesse kontaktieren Sie uns unter <a href=\"mailto:info@tactic24.de\">info@tactic24.de<\/a>.<\/p>\n<p>Verantwortlicher Wirtschaftsakteur gem\u00e4\u00df EU-Verordnung:<br \/>Waffenhandel Matthias Zeh, Drescherh\u00e4user 2-4, 01159 Dresden &#8211; <a href=\"mailto:info@tactic24.de\">info@tactic24.de<\/a>, Tel. +49 351 21488873.<\/p>\n","protected":false},"featured_media":580002,"template":"","meta":[],"product_brand":[],"product_cat":[89,82,79,81,36],"product_tag":[],"class_list":{"0":"post-561985","1":"product","2":"type-product","3":"status-publish","4":"has-post-thumbnail","6":"product_cat-9mm-grosskaliber","7":"product_cat-grosskaliber","8":"product_cat-kurzwaffen-waffen","9":"product_cat-pistolen","10":"product_cat-waffen","12":"first","13":"instock","14":"taxable","15":"shipping-taxable","16":"purchasable","17":"product-type-simple"},"_links":{"self":[{"href":"https:\/\/waffenhandel-dresden.de\/index.php\/wp-json\/wp\/v2\/product\/561985","targetHints":{"allow":["GET"]}}],"collection":[{"href":"https:\/\/waffenhandel-dresden.de\/index.php\/wp-json\/wp\/v2\/product"}],"about":[{"href":"https:\/\/waffenhandel-dresden.de\/index.php\/wp-json\/wp\/v2\/types\/product"}],"wp:featuredmedia":[{"embeddable":true,"href":"https:\/\/waffenhandel-dresden.de\/index.php\/wp-json\/wp\/v2\/media\/580002"}],"wp:attachment":[{"href":"https:\/\/waffenhandel-dresden.de\/index.php\/wp-json\/wp\/v2\/media?parent=561985"}],"wp:term":[{"taxonomy":"product_brand","embeddable":true,"href":"https:\/\/waffenhandel-dresden.de\/index.php\/wp-json\/wp\/v2\/product_brand?post=561985"},{"taxonomy":"product_cat","embeddable":true,"href":"https:\/\/waffenhandel-dresden.de\/index.php\/wp-json\/wp\/v2\/product_cat?post=561985"},{"taxonomy":"product_tag","embeddable":true,"href":"https:\/\/waffenhandel-dresden.de\/index.php\/wp-json\/wp\/v2\/product_tag?post=561985"}],"curies":[{"name":"wp","href":"https:\/\/api.w.org\/{rel}","templated":true}]}}