{"id":562001,"date":"2026-03-05T16:42:27","date_gmt":"2026-03-05T15:42:27","guid":{"rendered":"https:\/\/waffenhandel-dresden.de\/index.php\/produkt\/halbautomatische-pistole-glock-mod-17-gen-4-mos-sd-special-edition-kaliber-9mm-luger\/"},"modified":"2026-04-03T21:13:34","modified_gmt":"2026-04-03T19:13:34","slug":"halbautomatische-pistole-glock-mod-17-gen-4-mos-sd-special-edition-kaliber-9mm-luger","status":"publish","type":"product","link":"https:\/\/waffenhandel-dresden.de\/index.php\/produkt\/halbautomatische-pistole-glock-mod-17-gen-4-mos-sd-special-edition-kaliber-9mm-luger\/","title":{"rendered":"Halbautomatische Pistole Glock, Mod. 17 Gen.4, MOS SD &#8211; Special Edition, Kaliber 9mm Luger"},"content":{"rendered":"","protected":false},"excerpt":{"rendered":"<p>Hervorragende Gebrauchswaffe mit FXD Visierung und Mobile Optical Ready f\u00fcr Sportsch\u00fctzen wie Sicherheitsdienste, f\u00fcr Rechts- und Linksh\u00e4nder geeignet. inkl. RedDot Noblex NV Sight.<\/p>\n<p>-FXD Visierung, inkl. Noblex NV Sight<br \/>\n-Gewindelauf M13,5&#215;1 links<br \/>\n-inkl. 2 Magazine &#8211; Magazinkapazit\u00e4t: 17 Patronen<br \/>\n-Abzugsgewicht: 26 N<\/p>\n<p>Noblex NV Sight:<\/p>\n<p>-Montage ohne Adapterplatte<br \/>\n-robuste Metallausf\u00fchrung mit Glasoptik (23mm Linsendiagonale)<br \/>\n-4 MOA<br \/>\n-Paralaxeeinstellung 20m<br \/>\n-autom. Helligkeitssteuerung<br \/>\n-Kombination mit Nachtsicht, Laser, Zielger\u00e4ten, W\u00e4rmebild m\u00f6glich<br \/>\n-IPX7 Wasserdicht<br \/>\n-Gewicht 25g<\/p>\n<p>Hersteller:<br \/>\nGLOCK Ges.m.b.H.<br \/>\nGaston Glock-Platz 1<br \/>\n2232 Deutsch-Wagram, \u00d6sterreich<br \/>\nKontakt: eu.glock.com\/en\/Contact-and-support<\/p>\n<p><\/p>\n<p>Abgabe nur an Inhaber einer Erwerbserlaubnis.<\/p>\n<p><span style=\"color:green;font-weight:bold\"><i class=\"fas fa-check-circle\"><\/i> vorr&auml;tig <\/span><\/p>\n<h3>Liefer- und Versandkosten<\/h3>\n<p>Die Versandkosten belaufen sich auf <strong>39 Euro<\/strong> pro Waffe.<\/p>\n<p>Bei Interesse kontaktieren Sie uns unter <a href=\"mailto:info@tactic24.de\">info@tactic24.de<\/a>.<\/p>\n<p>Verantwortlicher Wirtschaftsakteur gem\u00e4\u00df EU-Verordnung:<br \/>Waffenhandel Matthias Zeh, Drescherh\u00e4user 2-4, 01159 Dresden &#8211; <a href=\"mailto:info@tactic24.de\">info@tactic24.de<\/a>, Tel. +49 351 21488873.<\/p>\n","protected":false},"featured_media":574111,"template":"","meta":[],"product_brand":[],"product_cat":[89,82,79,81,36],"product_tag":[],"class_list":{"0":"post-562001","1":"product","2":"type-product","3":"status-publish","4":"has-post-thumbnail","6":"product_cat-9mm-grosskaliber","7":"product_cat-grosskaliber","8":"product_cat-kurzwaffen-waffen","9":"product_cat-pistolen","10":"product_cat-waffen","12":"first","13":"instock","14":"taxable","15":"shipping-taxable","16":"purchasable","17":"product-type-simple"},"_links":{"self":[{"href":"https:\/\/waffenhandel-dresden.de\/index.php\/wp-json\/wp\/v2\/product\/562001","targetHints":{"allow":["GET"]}}],"collection":[{"href":"https:\/\/waffenhandel-dresden.de\/index.php\/wp-json\/wp\/v2\/product"}],"about":[{"href":"https:\/\/waffenhandel-dresden.de\/index.php\/wp-json\/wp\/v2\/types\/product"}],"wp:featuredmedia":[{"embeddable":true,"href":"https:\/\/waffenhandel-dresden.de\/index.php\/wp-json\/wp\/v2\/media\/574111"}],"wp:attachment":[{"href":"https:\/\/waffenhandel-dresden.de\/index.php\/wp-json\/wp\/v2\/media?parent=562001"}],"wp:term":[{"taxonomy":"product_brand","embeddable":true,"href":"https:\/\/waffenhandel-dresden.de\/index.php\/wp-json\/wp\/v2\/product_brand?post=562001"},{"taxonomy":"product_cat","embeddable":true,"href":"https:\/\/waffenhandel-dresden.de\/index.php\/wp-json\/wp\/v2\/product_cat?post=562001"},{"taxonomy":"product_tag","embeddable":true,"href":"https:\/\/waffenhandel-dresden.de\/index.php\/wp-json\/wp\/v2\/product_tag?post=562001"}],"curies":[{"name":"wp","href":"https:\/\/api.w.org\/{rel}","templated":true}]}}