{"id":562048,"date":"2026-03-05T16:43:26","date_gmt":"2026-03-05T15:43:26","guid":{"rendered":"https:\/\/waffenhandel-dresden.de\/index.php\/produkt\/halbautomatische-buechse-schmeisser-ar15-sport-sf4-kaliber-223rem\/"},"modified":"2026-04-29T21:15:49","modified_gmt":"2026-04-29T19:15:49","slug":"halbautomatische-buechse-schmeisser-ar15-sport-sf4-kaliber-223rem","status":"publish","type":"product","link":"https:\/\/waffenhandel-dresden.de\/index.php\/produkt\/halbautomatische-buechse-schmeisser-ar15-sport-sf4-kaliber-223rem\/","title":{"rendered":"Halbautomatische B\u00fcchse Schmeisser, AR15 Sport, SF4, Kaliber .223Rem"},"content":{"rendered":"","protected":false},"excerpt":{"rendered":"<p>Kompakter Karabiner der sich ideal f\u00fcr das dynamische Schie\u00dfen auf kurzen Distanzen eignet. Mit einem 10,5 Zoll Lauf &#8211; Sportsch\u00fctzentauglich (BKA Feststellungsbescheid).<br \/>\nEine .223Rem B\u00fcchse bei der der Spa\u00df auf dem Schie\u00dfstand nicht zu kurz kommt.<\/p>\n<p>-10,5 Zoll Lauf mit 1:9 Drall<br \/>\n-M4 Schubschaft<br \/>\n-Gesamtl\u00e4nge 72 cm eingeschoben, 79 cm ausgezogen<br \/>\n-Farbe: oliv<br \/>\n-10 Schuss Magazin<\/p>\n<p>Auslieferung erfolgt inkl. Reinigungsset, Borpython, FlipUp Visierung, Kunststoffkoffer<\/p>\n<p>Hersteller:<br \/>\nSchmeisser GmbH<br \/>\nAdolf-Dembach-Stra\u00dfe 4<br \/>\nD-47829 Krefeld<br \/>\ninfo@schmeisser-germany.com<br \/>\n<\/p>\n<p>Abgabe nur an Inhaber einer Erwerbserlaubnis.<\/p>\n<p><span style=\"color:green;font-weight:bold\"><i class=\"fas fa-check-circle\"><\/i> vorr&auml;tig <\/span><\/p>\n<h3>Liefer- und Versandkosten<\/h3>\n<p>Die Versandkosten belaufen sich auf <strong>39 Euro<\/strong> pro Waffe.<\/p>\n<p>Bei Interesse kontaktieren Sie uns unter <a href=\"mailto:info@tactic24.de\">info@tactic24.de<\/a>.<\/p>\n<p>Verantwortlicher Wirtschaftsakteur gem\u00e4\u00df EU-Verordnung:<br \/>Waffenhandel Matthias Zeh, Drescherh\u00e4user 2-4, 01159 Dresden &#8211; <a href=\"mailto:info@tactic24.de\">info@tactic24.de<\/a>, Tel. +49 351 21488873.<\/p>\n","protected":false},"featured_media":584280,"template":"","meta":[],"product_brand":[],"product_cat":[100,102,92,94,36],"product_tag":[],"class_list":{"0":"post-562048","1":"product","2":"type-product","3":"status-publish","4":"has-post-thumbnail","6":"product_cat-buechsen-selbstlader","7":"product_cat-grosskaliber-buechsen-selbstlader","8":"product_cat-langwaffen-waffen","9":"product_cat-selbstlader","10":"product_cat-waffen","12":"first","13":"instock","14":"taxable","15":"shipping-taxable","16":"purchasable","17":"product-type-simple"},"_links":{"self":[{"href":"https:\/\/waffenhandel-dresden.de\/index.php\/wp-json\/wp\/v2\/product\/562048","targetHints":{"allow":["GET"]}}],"collection":[{"href":"https:\/\/waffenhandel-dresden.de\/index.php\/wp-json\/wp\/v2\/product"}],"about":[{"href":"https:\/\/waffenhandel-dresden.de\/index.php\/wp-json\/wp\/v2\/types\/product"}],"wp:featuredmedia":[{"embeddable":true,"href":"https:\/\/waffenhandel-dresden.de\/index.php\/wp-json\/wp\/v2\/media\/584280"}],"wp:attachment":[{"href":"https:\/\/waffenhandel-dresden.de\/index.php\/wp-json\/wp\/v2\/media?parent=562048"}],"wp:term":[{"taxonomy":"product_brand","embeddable":true,"href":"https:\/\/waffenhandel-dresden.de\/index.php\/wp-json\/wp\/v2\/product_brand?post=562048"},{"taxonomy":"product_cat","embeddable":true,"href":"https:\/\/waffenhandel-dresden.de\/index.php\/wp-json\/wp\/v2\/product_cat?post=562048"},{"taxonomy":"product_tag","embeddable":true,"href":"https:\/\/waffenhandel-dresden.de\/index.php\/wp-json\/wp\/v2\/product_tag?post=562048"}],"curies":[{"name":"wp","href":"https:\/\/api.w.org\/{rel}","templated":true}]}}