{"id":562051,"date":"2026-03-05T16:43:29","date_gmt":"2026-03-05T15:43:29","guid":{"rendered":"https:\/\/waffenhandel-dresden.de\/index.php\/produkt\/halbautomatische-pistole-cz-uhersky-brod-mod-cz75-shadow-ii-da-kaliber-9mmluger\/"},"modified":"2026-04-29T21:15:53","modified_gmt":"2026-04-29T19:15:53","slug":"halbautomatische-pistole-cz-uhersky-brod-mod-cz75-shadow-ii-da-kaliber-9mmluger","status":"publish","type":"product","link":"https:\/\/waffenhandel-dresden.de\/index.php\/produkt\/halbautomatische-pistole-cz-uhersky-brod-mod-cz75-shadow-ii-da-kaliber-9mmluger\/","title":{"rendered":"Halbautomatische Pistole CZ Uhersky Brod, Mod. CZ75 Shadow II DA, Kaliber 9mmLuger"},"content":{"rendered":"","protected":false},"excerpt":{"rendered":"<p>Elegant, Zuverl\u00e4ssig, Pr\u00e4zise. Eine Ganzstahlwaffe f\u00fcr Profis. Entwickelt in Zusammenarbeit mit dem IPSC-Eliteteam der Cesk\u00e1 Zbrojovka.<\/p>\n<p>-4,4 Zoll Lauf (kaltgeschmiedet)<br \/>\n-Magazinkapazit\u00e4t 17 Patronen<br \/>\n-inkl. 3 Magazine<br \/>\n-DA-Abzug mit hervorragender Charakteristik f\u00fcr schnelle und pr\u00e4zise Schussfolgen<br \/>\n-verstellbare Visierung mit Lichtsammlerkorn<br \/>\n-Aluminium Griffschalen in Blau<\/p>\n<p>Hersteller:<br \/>\n\u010cesk\u00e1 Zbrojovka<br \/>\nSvatopluka Cecha 1283<br \/>\n688 01 Uhersk\u00fd Brod, CZ<br \/>\nondrusekj@czub.cz<br \/>\n<\/p>\n<p>Abgabe nur an Inhaber einer Erwerbserlaubnis.<\/p>\n<p><span style=\"color:green;font-weight:bold\"><i class=\"fas fa-check-circle\"><\/i> vorr&auml;tig <\/span><\/p>\n<h3>Liefer- und Versandkosten<\/h3>\n<p>Die Versandkosten belaufen sich auf <strong>39 Euro<\/strong> pro Waffe.<\/p>\n<p>Bei Interesse kontaktieren Sie uns unter <a href=\"mailto:info@tactic24.de\">info@tactic24.de<\/a>.<\/p>\n<p>Verantwortlicher Wirtschaftsakteur gem\u00e4\u00df EU-Verordnung:<br \/>Waffenhandel Matthias Zeh, Drescherh\u00e4user 2-4, 01159 Dresden &#8211; <a href=\"mailto:info@tactic24.de\">info@tactic24.de<\/a>, Tel. +49 351 21488873.<\/p>\n","protected":false},"featured_media":584282,"template":"","meta":[],"product_brand":[],"product_cat":[89,82,79,81,36],"product_tag":[],"class_list":{"0":"post-562051","1":"product","2":"type-product","3":"status-publish","4":"has-post-thumbnail","6":"product_cat-9mm-grosskaliber","7":"product_cat-grosskaliber","8":"product_cat-kurzwaffen-waffen","9":"product_cat-pistolen","10":"product_cat-waffen","12":"first","13":"instock","14":"taxable","15":"shipping-taxable","16":"purchasable","17":"product-type-simple"},"_links":{"self":[{"href":"https:\/\/waffenhandel-dresden.de\/index.php\/wp-json\/wp\/v2\/product\/562051","targetHints":{"allow":["GET"]}}],"collection":[{"href":"https:\/\/waffenhandel-dresden.de\/index.php\/wp-json\/wp\/v2\/product"}],"about":[{"href":"https:\/\/waffenhandel-dresden.de\/index.php\/wp-json\/wp\/v2\/types\/product"}],"wp:featuredmedia":[{"embeddable":true,"href":"https:\/\/waffenhandel-dresden.de\/index.php\/wp-json\/wp\/v2\/media\/584282"}],"wp:attachment":[{"href":"https:\/\/waffenhandel-dresden.de\/index.php\/wp-json\/wp\/v2\/media?parent=562051"}],"wp:term":[{"taxonomy":"product_brand","embeddable":true,"href":"https:\/\/waffenhandel-dresden.de\/index.php\/wp-json\/wp\/v2\/product_brand?post=562051"},{"taxonomy":"product_cat","embeddable":true,"href":"https:\/\/waffenhandel-dresden.de\/index.php\/wp-json\/wp\/v2\/product_cat?post=562051"},{"taxonomy":"product_tag","embeddable":true,"href":"https:\/\/waffenhandel-dresden.de\/index.php\/wp-json\/wp\/v2\/product_tag?post=562051"}],"curies":[{"name":"wp","href":"https:\/\/api.w.org\/{rel}","templated":true}]}}