{"id":562058,"date":"2026-03-05T16:43:37","date_gmt":"2026-03-05T15:43:37","guid":{"rendered":"https:\/\/waffenhandel-dresden.de\/index.php\/produkt\/halbautomatische-pistole-heckler-koch-mod-sfp9sd-sf-tactical-kal-9-mm-luger\/"},"modified":"2026-04-29T21:16:10","modified_gmt":"2026-04-29T19:16:10","slug":"halbautomatische-pistole-heckler-koch-mod-sfp9sd-sf-tactical-kal-9-mm-luger","status":"publish","type":"product","link":"https:\/\/waffenhandel-dresden.de\/index.php\/produkt\/halbautomatische-pistole-heckler-koch-mod-sfp9sd-sf-tactical-kal-9-mm-luger\/","title":{"rendered":"Halbautomatische Pistole Heckler &amp; Koch, Mod. SFP9SD-SF Tactical, Kal. 9 mm Luger"},"content":{"rendered":"","protected":false},"excerpt":{"rendered":"<p>Die SFP9 von H&amp;K steht f\u00fcr Zuverl\u00e4ssigkeit, Pr\u00e4zision und einfaches H\u00e4ndling.<br \/>\nAusgestattet mit Abzugs-, Schlagbolzen- und Demontagesicherung sowie Sto\u00df- und Fallsicher gem\u00e4\u00df TR und AC\/225 D\/14<\/p>\n<p>Hier die taktische Version mit 4&#8243; Lauf, Laufgewinde f\u00fcr Schalld\u00e4mpfer und verstellbarer LPA Match Visierung, f\u00fcr Law Enforcement, J\u00e4ger und Sportsch\u00fctzen.<\/p>\n<p>-Laufl\u00e4nge: 4&#8243; (Plygonlauf)<br \/>\n-Laufgewinde<br \/>\n-verstellbare LPA Match Visierung mit Lichtsammlerkorn<br \/>\n-Abzug: Special Forces Abzug (20-25N)<br \/>\n-Magazuinkapazit\u00e4t: 15 Schuss (Auslieferung inkl. 2 Magazine)<\/p>\n<p>Hersteller:<br \/>\nHeckler &amp; Koch GmbH<br \/>\nHeckler und Koch Stra\u00dfe 1<br \/>\n78727 Oberndorf, Deutschland<br \/>\nhkinfoboard@heckler-koch-de.com<\/p>\n<p>Abgabe nur an Inhaber einer Erwerbserlaubnis.<\/p>\n<p><span style=\"color:green;font-weight:bold\"><i class=\"fas fa-check-circle\"><\/i> vorr&auml;tig <\/span><\/p>\n<h3>Liefer- und Versandkosten<\/h3>\n<p>Die Versandkosten belaufen sich auf <strong>39 Euro<\/strong> pro Waffe.<\/p>\n<p>Bei Interesse kontaktieren Sie uns unter <a href=\"mailto:info@tactic24.de\">info@tactic24.de<\/a>.<\/p>\n<p>Verantwortlicher Wirtschaftsakteur gem\u00e4\u00df EU-Verordnung:<br \/>Waffenhandel Matthias Zeh, Drescherh\u00e4user 2-4, 01159 Dresden &#8211; <a href=\"mailto:info@tactic24.de\">info@tactic24.de<\/a>, Tel. +49 351 21488873.<\/p>\n","protected":false},"featured_media":584291,"template":"","meta":[],"product_brand":[],"product_cat":[89,82,79,81,36],"product_tag":[],"class_list":{"0":"post-562058","1":"product","2":"type-product","3":"status-publish","4":"has-post-thumbnail","6":"product_cat-9mm-grosskaliber","7":"product_cat-grosskaliber","8":"product_cat-kurzwaffen-waffen","9":"product_cat-pistolen","10":"product_cat-waffen","12":"first","13":"instock","14":"taxable","15":"shipping-taxable","16":"purchasable","17":"product-type-simple"},"_links":{"self":[{"href":"https:\/\/waffenhandel-dresden.de\/index.php\/wp-json\/wp\/v2\/product\/562058","targetHints":{"allow":["GET"]}}],"collection":[{"href":"https:\/\/waffenhandel-dresden.de\/index.php\/wp-json\/wp\/v2\/product"}],"about":[{"href":"https:\/\/waffenhandel-dresden.de\/index.php\/wp-json\/wp\/v2\/types\/product"}],"wp:featuredmedia":[{"embeddable":true,"href":"https:\/\/waffenhandel-dresden.de\/index.php\/wp-json\/wp\/v2\/media\/584291"}],"wp:attachment":[{"href":"https:\/\/waffenhandel-dresden.de\/index.php\/wp-json\/wp\/v2\/media?parent=562058"}],"wp:term":[{"taxonomy":"product_brand","embeddable":true,"href":"https:\/\/waffenhandel-dresden.de\/index.php\/wp-json\/wp\/v2\/product_brand?post=562058"},{"taxonomy":"product_cat","embeddable":true,"href":"https:\/\/waffenhandel-dresden.de\/index.php\/wp-json\/wp\/v2\/product_cat?post=562058"},{"taxonomy":"product_tag","embeddable":true,"href":"https:\/\/waffenhandel-dresden.de\/index.php\/wp-json\/wp\/v2\/product_tag?post=562058"}],"curies":[{"name":"wp","href":"https:\/\/api.w.org\/{rel}","templated":true}]}}