{"id":562078,"date":"2026-03-05T16:44:01","date_gmt":"2026-03-05T15:44:01","guid":{"rendered":"https:\/\/waffenhandel-dresden.de\/index.php\/produkt\/wechselsystem-nordic-components-mod-22rb-16-ger-kaliber-22lr\/"},"modified":"2026-04-30T21:16:00","modified_gmt":"2026-04-30T19:16:00","slug":"wechselsystem-nordic-components-mod-22rb-16-ger-kaliber-22lr","status":"publish","type":"product","link":"https:\/\/waffenhandel-dresden.de\/index.php\/produkt\/wechselsystem-nordic-components-mod-22rb-16-ger-kaliber-22lr\/","title":{"rendered":"Wechselsystem Nordic Components, Mod. 22RB-16-GER, Kaliber .22lr"},"content":{"rendered":"","protected":false},"excerpt":{"rendered":"<p>Das Wechselsystem passt auf vielen handels\u00fcblichen AR15 Systemen.<br \/>\nEs ist m\u00f6glich, dass Anpassungsarbeiten f\u00fcr eine einfandfreie Funtion, durch einen B\u00fcchsenmacher, erforderlich sind.<\/p>\n<p>-Laufl\u00e4nge: 40,6cm<br \/>\n-Drall 1:16<br \/>\n-M\u00fcndungsgewinde 1\/2-28UNEF<br \/>\n-inkl. 10 Schuss Magazin<\/p>\n<p>Herstellerinformation:<br \/>\nWaffenhandel Matthias Zeh<br \/>\nDrescherh\u00e4user 2-4, 01159 Dresden \u2013 info@tactic24.de, Tel. +49 351 21488873.<br \/>\n<\/p>\n<p>Abgabe nur an Inhaber einer Erwerbserlaubnis.<\/p>\n<p><span style=\"color:green;font-weight:bold\"><i class=\"fas fa-check-circle\"><\/i> vorr&auml;tig <\/span><\/p>\n<h3>Liefer- und Versandkosten<\/h3>\n<p>Die Versandkosten belaufen sich auf <strong>39 Euro<\/strong> pro Waffe.<\/p>\n<p>Bei Interesse kontaktieren Sie uns unter <a href=\"mailto:info@tactic24.de\">info@tactic24.de<\/a>.<\/p>\n<p>Verantwortlicher Wirtschaftsakteur gem\u00e4\u00df EU-Verordnung:<br \/>Waffenhandel Matthias Zeh, Drescherh\u00e4user 2-4, 01159 Dresden &#8211; <a href=\"mailto:info@tactic24.de\">info@tactic24.de<\/a>, Tel. +49 351 21488873.<\/p>\n","protected":false},"featured_media":584653,"template":"","meta":[],"product_brand":[],"product_cat":[100,102,103,92,94,36],"product_tag":[],"class_list":{"0":"post-562078","1":"product","2":"type-product","3":"status-publish","4":"has-post-thumbnail","6":"product_cat-buechsen-selbstlader","7":"product_cat-grosskaliber-buechsen-selbstlader","8":"product_cat-kleinkaliber-buechsen-selbstlader","9":"product_cat-langwaffen-waffen","10":"product_cat-selbstlader","11":"product_cat-waffen","13":"first","14":"instock","15":"taxable","16":"shipping-taxable","17":"purchasable","18":"product-type-simple"},"_links":{"self":[{"href":"https:\/\/waffenhandel-dresden.de\/index.php\/wp-json\/wp\/v2\/product\/562078","targetHints":{"allow":["GET"]}}],"collection":[{"href":"https:\/\/waffenhandel-dresden.de\/index.php\/wp-json\/wp\/v2\/product"}],"about":[{"href":"https:\/\/waffenhandel-dresden.de\/index.php\/wp-json\/wp\/v2\/types\/product"}],"wp:featuredmedia":[{"embeddable":true,"href":"https:\/\/waffenhandel-dresden.de\/index.php\/wp-json\/wp\/v2\/media\/584653"}],"wp:attachment":[{"href":"https:\/\/waffenhandel-dresden.de\/index.php\/wp-json\/wp\/v2\/media?parent=562078"}],"wp:term":[{"taxonomy":"product_brand","embeddable":true,"href":"https:\/\/waffenhandel-dresden.de\/index.php\/wp-json\/wp\/v2\/product_brand?post=562078"},{"taxonomy":"product_cat","embeddable":true,"href":"https:\/\/waffenhandel-dresden.de\/index.php\/wp-json\/wp\/v2\/product_cat?post=562078"},{"taxonomy":"product_tag","embeddable":true,"href":"https:\/\/waffenhandel-dresden.de\/index.php\/wp-json\/wp\/v2\/product_tag?post=562078"}],"curies":[{"name":"wp","href":"https:\/\/api.w.org\/{rel}","templated":true}]}}