{"id":562090,"date":"2026-03-05T16:44:16","date_gmt":"2026-03-05T15:44:16","guid":{"rendered":"https:\/\/waffenhandel-dresden.de\/index.php\/produkt\/halbautomatische-pistole-walther-mod-pdp-full-size-v2-5-or-kaliber-9mm-luger\/"},"modified":"2026-04-28T21:16:57","modified_gmt":"2026-04-28T19:16:57","slug":"halbautomatische-pistole-walther-mod-pdp-full-size-v2-5-or-kaliber-9mm-luger","status":"publish","type":"product","link":"https:\/\/waffenhandel-dresden.de\/index.php\/produkt\/halbautomatische-pistole-walther-mod-pdp-full-size-v2-5-or-kaliber-9mm-luger\/","title":{"rendered":"Halbautomatische Pistole Walther, Mod. PDP Full Size V2 \u2013 5&#8243; OR, Kaliber 9mm Luger"},"content":{"rendered":"","protected":false},"excerpt":{"rendered":"<p>Eine innovative Full Size Pistole in der sportlichen 5&#8243; Version, f\u00fcr Sportsch\u00fctzen, J\u00e4ger und Beh\u00f6rden gleicherma\u00dfen. <\/p>\n<p>-5&#8243; Polygonlauf<br \/>\n-verstellbare Visierung in H\u00f6he und Seite<br \/>\n-Optical Ready f\u00fcr die Verwendung von RedDots<br \/>\n-pr\u00e4ziser Abzug (Performance Duty) mit 25 N Abzugsgewicht<br \/>\n-Polyamid Griffst\u00fcck<br \/>\n-Magazinkapazit\u00e4t 18 Schuss<\/p>\n<p>Auslieferung erfolgt inkl. hochwertigem Walther Waffenkoffer im PDP-Design, Magazin-Ladehilfe und 2 Magazinen.<\/p>\n<p>Hersteller:<br \/>\nCarl Walther GmbH<br \/>\nIm Lehrer Feld 1<br \/>\n89081 Ulm, DE<br \/>\ninfo@carl-walther.de<\/p>\n<p>Abgabe nur an Inhaber einer Erwerbserlaubnis.<\/p>\n<p><span style=\"color:green;font-weight:bold\"><i class=\"fas fa-check-circle\"><\/i> vorr&auml;tig <\/span><\/p>\n<h3>Liefer- und Versandkosten<\/h3>\n<p>Die Versandkosten belaufen sich auf <strong>39 Euro<\/strong> pro Waffe.<\/p>\n<p>Bei Interesse kontaktieren Sie uns unter <a href=\"mailto:info@tactic24.de\">info@tactic24.de<\/a>.<\/p>\n<p>Verantwortlicher Wirtschaftsakteur gem\u00e4\u00df EU-Verordnung:<br \/>Waffenhandel Matthias Zeh, Drescherh\u00e4user 2-4, 01159 Dresden &#8211; <a href=\"mailto:info@tactic24.de\">info@tactic24.de<\/a>, Tel. +49 351 21488873.<\/p>\n","protected":false},"featured_media":583956,"template":"","meta":[],"product_brand":[],"product_cat":[89,82,79,81,36],"product_tag":[],"class_list":{"0":"post-562090","1":"product","2":"type-product","3":"status-publish","4":"has-post-thumbnail","6":"product_cat-9mm-grosskaliber","7":"product_cat-grosskaliber","8":"product_cat-kurzwaffen-waffen","9":"product_cat-pistolen","10":"product_cat-waffen","12":"first","13":"instock","14":"taxable","15":"shipping-taxable","16":"purchasable","17":"product-type-simple"},"_links":{"self":[{"href":"https:\/\/waffenhandel-dresden.de\/index.php\/wp-json\/wp\/v2\/product\/562090","targetHints":{"allow":["GET"]}}],"collection":[{"href":"https:\/\/waffenhandel-dresden.de\/index.php\/wp-json\/wp\/v2\/product"}],"about":[{"href":"https:\/\/waffenhandel-dresden.de\/index.php\/wp-json\/wp\/v2\/types\/product"}],"wp:featuredmedia":[{"embeddable":true,"href":"https:\/\/waffenhandel-dresden.de\/index.php\/wp-json\/wp\/v2\/media\/583956"}],"wp:attachment":[{"href":"https:\/\/waffenhandel-dresden.de\/index.php\/wp-json\/wp\/v2\/media?parent=562090"}],"wp:term":[{"taxonomy":"product_brand","embeddable":true,"href":"https:\/\/waffenhandel-dresden.de\/index.php\/wp-json\/wp\/v2\/product_brand?post=562090"},{"taxonomy":"product_cat","embeddable":true,"href":"https:\/\/waffenhandel-dresden.de\/index.php\/wp-json\/wp\/v2\/product_cat?post=562090"},{"taxonomy":"product_tag","embeddable":true,"href":"https:\/\/waffenhandel-dresden.de\/index.php\/wp-json\/wp\/v2\/product_tag?post=562090"}],"curies":[{"name":"wp","href":"https:\/\/api.w.org\/{rel}","templated":true}]}}