{"id":562144,"date":"2026-03-05T16:45:21","date_gmt":"2026-03-05T15:45:21","guid":{"rendered":"https:\/\/waffenhandel-dresden.de\/index.php\/produkt\/halbautomatische-pistole-walther-mod-p99-as-kaliber-9mmluger\/"},"modified":"2026-04-29T21:18:10","modified_gmt":"2026-04-29T19:18:10","slug":"halbautomatische-pistole-walther-mod-p99-as-kaliber-9mmluger","status":"publish","type":"product","link":"https:\/\/waffenhandel-dresden.de\/index.php\/produkt\/halbautomatische-pistole-walther-mod-p99-as-kaliber-9mmluger\/","title":{"rendered":"Halbautomatische Pistole Walther, Mod. P99 AS, Kaliber 9mmLuger"},"content":{"rendered":"","protected":false},"excerpt":{"rendered":"<p>Eine Pistole f\u00fcr J\u00e4ger, Sportsch\u00fctzen und Sicherheitsdienste gleicherma\u00dfen &#8211; robust, zuverl\u00e4ssig, pr\u00e4zise.<\/p>\n<p>-feste 3-Dot Visierung<br \/>\n-wechselbare Griffr\u00fccken<br \/>\n-zwei Magazine<br \/>\n-Auslieferung im Originalkoffer<\/p>\n<p>Gebrauchtwaffe, Differenzbesteuert nach \u00a725a UstG.<br \/>\nZustand I<\/p>\n<p>Hersteller:<br \/>\nCarl Walther GmbH<br \/>\nIm Lehrer Feld 1<br \/>\n89081 Ulm, DE<br \/>\ninfo@carl-walther.de<br \/>\n<\/p>\n<p>Abgabe nur an Inhaber einer Erwerbserlaubnis.<\/p>\n<p><span style=\"color:green;font-weight:bold\"><i class=\"fas fa-check-circle\"><\/i> vorr&auml;tig <\/span><\/p>\n<h3>Liefer- und Versandkosten<\/h3>\n<p>Die Versandkosten belaufen sich auf <strong>39 Euro<\/strong> pro Waffe.<\/p>\n<p>Bei Interesse kontaktieren Sie uns unter <a href=\"mailto:info@tactic24.de\">info@tactic24.de<\/a>.<\/p>\n<p>Verantwortlicher Wirtschaftsakteur gem\u00e4\u00df EU-Verordnung:<br \/>Waffenhandel Matthias Zeh, Drescherh\u00e4user 2-4, 01159 Dresden &#8211; <a href=\"mailto:info@tactic24.de\">info@tactic24.de<\/a>, Tel. +49 351 21488873.<\/p>\n","protected":false},"featured_media":584345,"template":"","meta":[],"product_brand":[],"product_cat":[89,82,79,81,36],"product_tag":[],"class_list":{"0":"post-562144","1":"product","2":"type-product","3":"status-publish","4":"has-post-thumbnail","6":"product_cat-9mm-grosskaliber","7":"product_cat-grosskaliber","8":"product_cat-kurzwaffen-waffen","9":"product_cat-pistolen","10":"product_cat-waffen","12":"first","13":"instock","14":"taxable","15":"shipping-taxable","16":"purchasable","17":"product-type-simple"},"_links":{"self":[{"href":"https:\/\/waffenhandel-dresden.de\/index.php\/wp-json\/wp\/v2\/product\/562144","targetHints":{"allow":["GET"]}}],"collection":[{"href":"https:\/\/waffenhandel-dresden.de\/index.php\/wp-json\/wp\/v2\/product"}],"about":[{"href":"https:\/\/waffenhandel-dresden.de\/index.php\/wp-json\/wp\/v2\/types\/product"}],"wp:featuredmedia":[{"embeddable":true,"href":"https:\/\/waffenhandel-dresden.de\/index.php\/wp-json\/wp\/v2\/media\/584345"}],"wp:attachment":[{"href":"https:\/\/waffenhandel-dresden.de\/index.php\/wp-json\/wp\/v2\/media?parent=562144"}],"wp:term":[{"taxonomy":"product_brand","embeddable":true,"href":"https:\/\/waffenhandel-dresden.de\/index.php\/wp-json\/wp\/v2\/product_brand?post=562144"},{"taxonomy":"product_cat","embeddable":true,"href":"https:\/\/waffenhandel-dresden.de\/index.php\/wp-json\/wp\/v2\/product_cat?post=562144"},{"taxonomy":"product_tag","embeddable":true,"href":"https:\/\/waffenhandel-dresden.de\/index.php\/wp-json\/wp\/v2\/product_tag?post=562144"}],"curies":[{"name":"wp","href":"https:\/\/api.w.org\/{rel}","templated":true}]}}