{"id":565060,"date":"2026-03-09T16:25:29","date_gmt":"2026-03-09T15:25:29","guid":{"rendered":"https:\/\/waffenhandel-dresden.de\/index.php\/produkt\/galanteriedegen-england-ca-18-jhdt\/"},"modified":"2026-04-24T21:09:12","modified_gmt":"2026-04-24T19:09:12","slug":"galanteriedegen-england-ca-18-jhdt","status":"publish","type":"product","link":"https:\/\/waffenhandel-dresden.de\/index.php\/produkt\/galanteriedegen-england-ca-18-jhdt\/","title":{"rendered":"Galanteriedegen, England ca.18.Jhdt."},"content":{"rendered":"","protected":false},"excerpt":{"rendered":"<p>-Galanteriedegen aus England, um 1800<br \/>\n-Polierte Colichemarde-Dreikantklinge mit floral ge\u00e4tztem (partiell etwas beriebenem) Ansatz<br \/>\n-Diamantiertes und durchbrochen geschnittenes Stahlgef\u00e4\u00df mit ovalem Stichblatt<br \/>\n-aufwendig gearbeitete Hilze aus Stahl- und Silberdraht verziert mit feinen, bl\u00fctenf\u00f6rmigen Kupfern\u00e4geln<br \/>\n-L\u00e4nge 103 cm<\/p>\n<p>-Zustand: II <\/p>\n<p>Differenzbesteuert nach \u00a725a UstG<br \/>\n<br \/><span style=\"color:green;font-weight:bold\"><i class=\"fas fa-check-circle\"><\/i> vorr&auml;tig <\/span><\/p>\n<h3>Liefer- und Versandkosten<\/h3>\n<p>Die Versandkosten belaufen sich auf <strong>7 Euro<\/strong> pro Waffe.<\/p>\n<p>Bei Interesse kontaktieren Sie uns unter <a href=\"mailto:info@tactic24.de\">info@tactic24.de<\/a>.<\/p>\n<p>Verantwortlicher Wirtschaftsakteur gem\u00e4\u00df EU-Verordnung:<br \/>Waffenhandel Matthias Zeh, Drescherh\u00e4user 2-4, 01159 Dresden &#8211; <a href=\"mailto:info@tactic24.de\">info@tactic24.de<\/a>, Tel. +49 351 21488873.<\/p>\n","protected":false},"featured_media":582348,"template":"","meta":[],"product_brand":[],"product_cat":[113],"product_tag":[],"class_list":{"0":"post-565060","1":"product","2":"type-product","3":"status-publish","4":"has-post-thumbnail","6":"product_cat-historische-ecke","8":"first","9":"instock","10":"taxable","11":"shipping-taxable","12":"purchasable","13":"product-type-simple"},"_links":{"self":[{"href":"https:\/\/waffenhandel-dresden.de\/index.php\/wp-json\/wp\/v2\/product\/565060","targetHints":{"allow":["GET"]}}],"collection":[{"href":"https:\/\/waffenhandel-dresden.de\/index.php\/wp-json\/wp\/v2\/product"}],"about":[{"href":"https:\/\/waffenhandel-dresden.de\/index.php\/wp-json\/wp\/v2\/types\/product"}],"wp:featuredmedia":[{"embeddable":true,"href":"https:\/\/waffenhandel-dresden.de\/index.php\/wp-json\/wp\/v2\/media\/582348"}],"wp:attachment":[{"href":"https:\/\/waffenhandel-dresden.de\/index.php\/wp-json\/wp\/v2\/media?parent=565060"}],"wp:term":[{"taxonomy":"product_brand","embeddable":true,"href":"https:\/\/waffenhandel-dresden.de\/index.php\/wp-json\/wp\/v2\/product_brand?post=565060"},{"taxonomy":"product_cat","embeddable":true,"href":"https:\/\/waffenhandel-dresden.de\/index.php\/wp-json\/wp\/v2\/product_cat?post=565060"},{"taxonomy":"product_tag","embeddable":true,"href":"https:\/\/waffenhandel-dresden.de\/index.php\/wp-json\/wp\/v2\/product_tag?post=565060"}],"curies":[{"name":"wp","href":"https:\/\/api.w.org\/{rel}","templated":true}]}}