{"id":565978,"date":"2026-03-10T21:18:20","date_gmt":"2026-03-10T20:18:20","guid":{"rendered":"https:\/\/waffenhandel-dresden.de\/index.php\/produkt\/halbautomatische-pistole-tanfoglio-mod-gold-match-combo-kaliber-45auto\/"},"modified":"2026-04-29T21:19:06","modified_gmt":"2026-04-29T19:19:06","slug":"halbautomatische-pistole-tanfoglio-mod-gold-match-combo-kaliber-45auto","status":"publish","type":"product","link":"https:\/\/waffenhandel-dresden.de\/index.php\/produkt\/halbautomatische-pistole-tanfoglio-mod-gold-match-combo-kaliber-45auto\/","title":{"rendered":"Halbautomatische Pistole Tanfoglio, Mod. Gold Match Combo, Kaliber .45Auto"},"content":{"rendered":"","protected":false},"excerpt":{"rendered":"<p>Edle Optik und Qualit\u00e4t zeichnen diese exklusive Matchpistole aus.<br \/>\nExtrem pr\u00e4zise, extrem elegant und extrem belastbar dank hartverchromter Oberfl\u00e4chen. Die Pistole kommt im Kaliber .45ACP inkl. Wechselsystem 9mmLuger.<br \/>\nEine perfekte Matchpistole in Kombination aus zwei Kalibern. <\/p>\n<p>-6 Zoll Lauf<br \/>\n-verstellbare Matchvisierung<br \/>\n-perfekt bedienbare breite Sicherung<br \/>\n-elegante Holzgriffschalen<br \/>\n-Fischhaut an Vorder- und R\u00fcckseite des Griffst\u00fcckes f\u00fcr optimalen Gripp<br \/>\n-Auslieferung erfolgt im eleganten, extrem belastbaren Kunststoffkoffer<\/p>\n<p>Hersteller:<br \/>\nFRATELLI TANFOGLIO SRL<br \/>\nVia Valtrompia 39\/41<br \/>\n25063 Gardone Valtrompia, Italien<br \/>\ninfo@tanfoglio.it<br \/>\n<\/p>\n<p>Abgabe nur an Inhaber einer Erwerbserlaubnis.<\/p>\n<p><span style=\"color:green;font-weight:bold\"><i class=\"fas fa-check-circle\"><\/i> vorr&auml;tig <\/span><\/p>\n<h3>Liefer- und Versandkosten<\/h3>\n<p>Die Versandkosten belaufen sich auf <strong>39 Euro<\/strong> pro Waffe.<\/p>\n<p>Bei Interesse kontaktieren Sie uns unter <a href=\"mailto:info@tactic24.de\">info@tactic24.de<\/a>.<\/p>\n<p>Verantwortlicher Wirtschaftsakteur gem\u00e4\u00df EU-Verordnung:<br \/>Waffenhandel Matthias Zeh, Drescherh\u00e4user 2-4, 01159 Dresden &#8211; <a href=\"mailto:info@tactic24.de\">info@tactic24.de<\/a>, Tel. +49 351 21488873.<\/p>\n","protected":false},"featured_media":584369,"template":"","meta":[],"product_brand":[],"product_cat":[90,82,79,81,36],"product_tag":[],"class_list":{"0":"post-565978","1":"product","2":"type-product","3":"status-publish","4":"has-post-thumbnail","6":"product_cat-45acp","7":"product_cat-grosskaliber","8":"product_cat-kurzwaffen-waffen","9":"product_cat-pistolen","10":"product_cat-waffen","12":"first","13":"instock","14":"taxable","15":"shipping-taxable","16":"purchasable","17":"product-type-simple"},"_links":{"self":[{"href":"https:\/\/waffenhandel-dresden.de\/index.php\/wp-json\/wp\/v2\/product\/565978","targetHints":{"allow":["GET"]}}],"collection":[{"href":"https:\/\/waffenhandel-dresden.de\/index.php\/wp-json\/wp\/v2\/product"}],"about":[{"href":"https:\/\/waffenhandel-dresden.de\/index.php\/wp-json\/wp\/v2\/types\/product"}],"wp:featuredmedia":[{"embeddable":true,"href":"https:\/\/waffenhandel-dresden.de\/index.php\/wp-json\/wp\/v2\/media\/584369"}],"wp:attachment":[{"href":"https:\/\/waffenhandel-dresden.de\/index.php\/wp-json\/wp\/v2\/media?parent=565978"}],"wp:term":[{"taxonomy":"product_brand","embeddable":true,"href":"https:\/\/waffenhandel-dresden.de\/index.php\/wp-json\/wp\/v2\/product_brand?post=565978"},{"taxonomy":"product_cat","embeddable":true,"href":"https:\/\/waffenhandel-dresden.de\/index.php\/wp-json\/wp\/v2\/product_cat?post=565978"},{"taxonomy":"product_tag","embeddable":true,"href":"https:\/\/waffenhandel-dresden.de\/index.php\/wp-json\/wp\/v2\/product_tag?post=565978"}],"curies":[{"name":"wp","href":"https:\/\/api.w.org\/{rel}","templated":true}]}}