{"id":566976,"date":"2026-03-12T21:18:01","date_gmt":"2026-03-12T20:18:01","guid":{"rendered":"https:\/\/waffenhandel-dresden.de\/index.php\/produkt\/revolver-smith-wesson-mod-686-4-security-special-kaliber-357mag\/"},"modified":"2026-04-29T21:18:33","modified_gmt":"2026-04-29T19:18:33","slug":"revolver-smith-wesson-mod-686-4-security-special-kaliber-357mag","status":"publish","type":"product","link":"https:\/\/waffenhandel-dresden.de\/index.php\/produkt\/revolver-smith-wesson-mod-686-4-security-special-kaliber-357mag\/","title":{"rendered":"Revolver Smith &amp; Wesson, Mod. 686-4 Security Special, Kaliber .357Mag."},"content":{"rendered":"","protected":false},"excerpt":{"rendered":"<p>Leg\u00e4nder, Pr\u00e4zise, Zuverl\u00e4ssig &#8211; eben ein Smith &amp; Wesson Revolver. Hier in der edlen, matten Stainless Steel Ausf\u00fchrung, als Security Special mit 4 Zoll Lauf.<\/p>\n<p>-4 Zoll Lauf<br \/>\n-verstellbare Visierung<br \/>\n-6 Schuss Trommelmagazin<br \/>\n-Combat Holzgriffschalen mit Fingerrillen<br \/>\n-matte Stainless Steel Ausf\u00fchrung<br \/>\n-Zustand I<\/p>\n<p>Gebrauchtwaffe, Differenzbesteuert nach \u00a725a UstG.<\/p>\n<p>Herstellerinformation:<br \/>\nWaffenhandel Matthias Zeh<br \/>\nDrescherh\u00e4user 2-4, 01159 Dresden \u2013 info@tactic24.de, Tel. +49 351 21488873<br \/>\n<\/p>\n<p>Abgabe nur an Inhaber einer Erwerbserlaubnis.<\/p>\n<p><span style=\"color:green;font-weight:bold\"><i class=\"fas fa-check-circle\"><\/i> vorr&auml;tig <\/span><\/p>\n<h3>Liefer- und Versandkosten<\/h3>\n<p>Die Versandkosten belaufen sich auf <strong>39 Euro<\/strong> pro Waffe.<\/p>\n<p>Bei Interesse kontaktieren Sie uns unter <a href=\"mailto:info@tactic24.de\">info@tactic24.de<\/a>.<\/p>\n<p>Verantwortlicher Wirtschaftsakteur gem\u00e4\u00df EU-Verordnung:<br \/>Waffenhandel Matthias Zeh, Drescherh\u00e4user 2-4, 01159 Dresden &#8211; <a href=\"mailto:info@tactic24.de\">info@tactic24.de<\/a>, Tel. +49 351 21488873.<\/p>\n","protected":false},"featured_media":584354,"template":"","meta":[],"product_brand":[],"product_cat":[87,83,79,80,36],"product_tag":[],"class_list":{"0":"post-566976","1":"product","2":"type-product","3":"status-publish","4":"has-post-thumbnail","6":"product_cat-38spl-357mag","7":"product_cat-grosskaliber-revolver","8":"product_cat-kurzwaffen-waffen","9":"product_cat-revolver","10":"product_cat-waffen","12":"first","13":"instock","14":"taxable","15":"shipping-taxable","16":"purchasable","17":"product-type-simple"},"_links":{"self":[{"href":"https:\/\/waffenhandel-dresden.de\/index.php\/wp-json\/wp\/v2\/product\/566976","targetHints":{"allow":["GET"]}}],"collection":[{"href":"https:\/\/waffenhandel-dresden.de\/index.php\/wp-json\/wp\/v2\/product"}],"about":[{"href":"https:\/\/waffenhandel-dresden.de\/index.php\/wp-json\/wp\/v2\/types\/product"}],"wp:featuredmedia":[{"embeddable":true,"href":"https:\/\/waffenhandel-dresden.de\/index.php\/wp-json\/wp\/v2\/media\/584354"}],"wp:attachment":[{"href":"https:\/\/waffenhandel-dresden.de\/index.php\/wp-json\/wp\/v2\/media?parent=566976"}],"wp:term":[{"taxonomy":"product_brand","embeddable":true,"href":"https:\/\/waffenhandel-dresden.de\/index.php\/wp-json\/wp\/v2\/product_brand?post=566976"},{"taxonomy":"product_cat","embeddable":true,"href":"https:\/\/waffenhandel-dresden.de\/index.php\/wp-json\/wp\/v2\/product_cat?post=566976"},{"taxonomy":"product_tag","embeddable":true,"href":"https:\/\/waffenhandel-dresden.de\/index.php\/wp-json\/wp\/v2\/product_tag?post=566976"}],"curies":[{"name":"wp","href":"https:\/\/api.w.org\/{rel}","templated":true}]}}