{"id":566979,"date":"2026-03-12T21:18:04","date_gmt":"2026-03-12T20:18:04","guid":{"rendered":"https:\/\/waffenhandel-dresden.de\/index.php\/produkt\/halbautomatische-pistole-sig-sauer-mod-p226-s-kaliber-9mmluger\/"},"modified":"2026-04-29T21:18:39","modified_gmt":"2026-04-29T19:18:39","slug":"halbautomatische-pistole-sig-sauer-mod-p226-s-kaliber-9mmluger","status":"publish","type":"product","link":"https:\/\/waffenhandel-dresden.de\/index.php\/produkt\/halbautomatische-pistole-sig-sauer-mod-p226-s-kaliber-9mmluger\/","title":{"rendered":"Halbautomatische Pistole Sig Sauer, Mod. P226 S, Kaliber 9mmLuger"},"content":{"rendered":"","protected":false},"excerpt":{"rendered":"<p>Sig Sauer steht f\u00fcr Pr\u00e4zision und Zuverl\u00e4ssigkeit, hier noch ein Modell aus deutscher Fertigung. Ideal f\u00fcr den ambitionierten Sportsch\u00fctzen.<\/p>\n<p>-schwerer 4,5 Zoll Pr\u00e4zisionslauf<br \/>\n-verstellbare LPA Visierung mit pr\u00e4ziser Clickverstellung<br \/>\n-Duotonefinish &#8211; Edelstahl\/Schwarz<br \/>\n-Fullsize Griffst\u00fcck<br \/>\n-gummierte Griffschalen f\u00fcr optimalen Gripp<br \/>\n-Magazinkapazit\u00e4t 15 Schuss &#8211; Auslieferung erfolgt inkl. 2 Magazinen<br \/>\n-Zustand I<\/p>\n<p>Gebrauchtwaffe, Differenzbesteuert nach \u00a725a UstG.<\/p>\n<p>Herstellerinformation:<br \/>\nWaffenhandel Matthias Zeh<br \/>\nDrescherh\u00e4user 2-4, 01159 Dresden \u2013 info@tactic24.de, Tel. +49 351 21488873<br \/>\n<\/p>\n<p>Abgabe nur an Inhaber einer Erwerbserlaubnis.<\/p>\n<p><span style=\"color:green;font-weight:bold\"><i class=\"fas fa-check-circle\"><\/i> vorr&auml;tig <\/span><\/p>\n<h3>Liefer- und Versandkosten<\/h3>\n<p>Die Versandkosten belaufen sich auf <strong>39 Euro<\/strong> pro Waffe.<\/p>\n<p>Bei Interesse kontaktieren Sie uns unter <a href=\"mailto:info@tactic24.de\">info@tactic24.de<\/a>.<\/p>\n<p>Verantwortlicher Wirtschaftsakteur gem\u00e4\u00df EU-Verordnung:<br \/>Waffenhandel Matthias Zeh, Drescherh\u00e4user 2-4, 01159 Dresden &#8211; <a href=\"mailto:info@tactic24.de\">info@tactic24.de<\/a>, Tel. +49 351 21488873.<\/p>\n","protected":false},"featured_media":584356,"template":"","meta":[],"product_brand":[],"product_cat":[89,82,79,81,36],"product_tag":[],"class_list":{"0":"post-566979","1":"product","2":"type-product","3":"status-publish","4":"has-post-thumbnail","6":"product_cat-9mm-grosskaliber","7":"product_cat-grosskaliber","8":"product_cat-kurzwaffen-waffen","9":"product_cat-pistolen","10":"product_cat-waffen","12":"first","13":"instock","14":"taxable","15":"shipping-taxable","16":"purchasable","17":"product-type-simple"},"_links":{"self":[{"href":"https:\/\/waffenhandel-dresden.de\/index.php\/wp-json\/wp\/v2\/product\/566979","targetHints":{"allow":["GET"]}}],"collection":[{"href":"https:\/\/waffenhandel-dresden.de\/index.php\/wp-json\/wp\/v2\/product"}],"about":[{"href":"https:\/\/waffenhandel-dresden.de\/index.php\/wp-json\/wp\/v2\/types\/product"}],"wp:featuredmedia":[{"embeddable":true,"href":"https:\/\/waffenhandel-dresden.de\/index.php\/wp-json\/wp\/v2\/media\/584356"}],"wp:attachment":[{"href":"https:\/\/waffenhandel-dresden.de\/index.php\/wp-json\/wp\/v2\/media?parent=566979"}],"wp:term":[{"taxonomy":"product_brand","embeddable":true,"href":"https:\/\/waffenhandel-dresden.de\/index.php\/wp-json\/wp\/v2\/product_brand?post=566979"},{"taxonomy":"product_cat","embeddable":true,"href":"https:\/\/waffenhandel-dresden.de\/index.php\/wp-json\/wp\/v2\/product_cat?post=566979"},{"taxonomy":"product_tag","embeddable":true,"href":"https:\/\/waffenhandel-dresden.de\/index.php\/wp-json\/wp\/v2\/product_tag?post=566979"}],"curies":[{"name":"wp","href":"https:\/\/api.w.org\/{rel}","templated":true}]}}