{"id":573545,"date":"2026-04-02T10:21:06","date_gmt":"2026-04-02T08:21:06","guid":{"rendered":"https:\/\/waffenhandel-dresden.de\/index.php\/produkt\/halbautomatische-buechse-tippmann-mod-m4-22-elite-alpha-gs-kaliber-22lr\/"},"modified":"2026-04-17T21:17:51","modified_gmt":"2026-04-17T19:17:51","slug":"halbautomatische-buechse-tippmann-mod-m4-22-elite-alpha-gs-kaliber-22lr","status":"publish","type":"product","link":"https:\/\/waffenhandel-dresden.de\/index.php\/produkt\/halbautomatische-buechse-tippmann-mod-m4-22-elite-alpha-gs-kaliber-22lr\/","title":{"rendered":"Halbautomatische B\u00fcchse Tippmann, Mod. M4-22 Elite-Alpha-GS, Kaliber .22lr"},"content":{"rendered":"","protected":false},"excerpt":{"rendered":"<p>Halbautomatische B\u00fcchse im AR15 Style und dem preiswerten.22er Kaliber die einfach nur Spass macht. Mit BKA Feststellungsbeischeid, somit f\u00fcr Sportsch\u00fctzen zugelassen.<\/p>\n<p>-Laufl\u00e4nge 11,1&#8243; (28,2cm)<br \/>\n-Drall 1:16<br \/>\n-M\u00fcndungsgewinde 1\/2&#215;28<br \/>\n-freischwingendem Aluminiumhandschutz (9 Zoll)<br \/>\n-Picatinnyschiene auf 12:00 Uhr<br \/>\n-M4-Schubschaft<br \/>\n-inkl. einstellbarer Flip-Up-Visierung<br \/>\n-inkl. 10 Schuss Magazin<\/p>\n<p>Herstellerinformation:<br \/>\nWaffenhandel Matthias Zeh<br \/>\nDrescherh\u00e4user 2-4, 01159 Dresden \u2013 info@tactic24.de, Tel. +49 351 21488873.<br \/>\n<\/p>\n<p>Abgabe nur an Inhaber einer Erwerbserlaubnis.<\/p>\n<p><span style=\"color:green;font-weight:bold\"><i class=\"fas fa-check-circle\"><\/i> vorr&auml;tig <\/span><\/p>\n<h3>Liefer- und Versandkosten<\/h3>\n<p>Die Versandkosten belaufen sich auf <strong>39 Euro<\/strong> pro Waffe.<\/p>\n<p>Bei Interesse kontaktieren Sie uns unter <a href=\"mailto:info@tactic24.de\">info@tactic24.de<\/a>.<\/p>\n<p>Verantwortlicher Wirtschaftsakteur gem\u00e4\u00df EU-Verordnung:<br \/>Waffenhandel Matthias Zeh, Drescherh\u00e4user 2-4, 01159 Dresden &#8211; <a href=\"mailto:info@tactic24.de\">info@tactic24.de<\/a>, Tel. +49 351 21488873.<\/p>\n","protected":false},"featured_media":579443,"template":"","meta":[],"product_brand":[],"product_cat":[100,103,92,94,36],"product_tag":[],"class_list":{"0":"post-573545","1":"product","2":"type-product","3":"status-publish","4":"has-post-thumbnail","6":"product_cat-buechsen-selbstlader","7":"product_cat-kleinkaliber-buechsen-selbstlader","8":"product_cat-langwaffen-waffen","9":"product_cat-selbstlader","10":"product_cat-waffen","12":"first","13":"instock","14":"taxable","15":"shipping-taxable","16":"purchasable","17":"product-type-simple"},"_links":{"self":[{"href":"https:\/\/waffenhandel-dresden.de\/index.php\/wp-json\/wp\/v2\/product\/573545","targetHints":{"allow":["GET"]}}],"collection":[{"href":"https:\/\/waffenhandel-dresden.de\/index.php\/wp-json\/wp\/v2\/product"}],"about":[{"href":"https:\/\/waffenhandel-dresden.de\/index.php\/wp-json\/wp\/v2\/types\/product"}],"wp:featuredmedia":[{"embeddable":true,"href":"https:\/\/waffenhandel-dresden.de\/index.php\/wp-json\/wp\/v2\/media\/579443"}],"wp:attachment":[{"href":"https:\/\/waffenhandel-dresden.de\/index.php\/wp-json\/wp\/v2\/media?parent=573545"}],"wp:term":[{"taxonomy":"product_brand","embeddable":true,"href":"https:\/\/waffenhandel-dresden.de\/index.php\/wp-json\/wp\/v2\/product_brand?post=573545"},{"taxonomy":"product_cat","embeddable":true,"href":"https:\/\/waffenhandel-dresden.de\/index.php\/wp-json\/wp\/v2\/product_cat?post=573545"},{"taxonomy":"product_tag","embeddable":true,"href":"https:\/\/waffenhandel-dresden.de\/index.php\/wp-json\/wp\/v2\/product_tag?post=573545"}],"curies":[{"name":"wp","href":"https:\/\/api.w.org\/{rel}","templated":true}]}}