{"id":573569,"date":"2026-04-02T21:06:10","date_gmt":"2026-04-02T19:06:10","guid":{"rendered":"https:\/\/waffenhandel-dresden.de\/index.php\/produkt\/30-06-spr-180grs-tm-spce\/"},"modified":"2026-04-03T21:06:10","modified_gmt":"2026-04-03T19:06:10","slug":"30-06-spr-180grs-tm-spce","status":"publish","type":"product","link":"https:\/\/waffenhandel-dresden.de\/index.php\/produkt\/30-06-spr-180grs-tm-spce\/","title":{"rendered":".30-06 Spr., 180grs TM-SPCE"},"content":{"rendered":"","protected":false},"excerpt":{"rendered":"<p>Inhalt\/Pack: 20 Schuss, Geschossgew.180 grs, TM-CE<\/p>\n<p>Hersteller:<br \/>\nSellier &amp; Bellot a.s.<br \/>\nLidick\u00e0 667<br \/>\n258 13 Vlasim, CZ<br \/>\ninfo@sellier-bellot.cz<\/p>\n<p>Abgabe nur an Inhaber einer Erwerbserlaubnis.<\/p>\n<p><span style=\"color:green;font-weight:bold\"><i class=\"fas fa-check-circle\"><\/i> vorr&auml;tig <\/span><\/p>\n<h4>Staffelpreise<\/h4>\n<table>\n<tr>\n<th>ab 3 Pack\/20<\/th>\n<\/tr>\n<tr>\n<td>&euro; 33,20 <\/td>\n<\/tr>\n<\/table>\n<h3>Liefer- und Versandkosten<\/h3>\n<p>Die Versandkosten belaufen sich pro Paket auf: <\/p>\n<ul>\n<li>bis 10 kg 38 Euro<\/li>\n<li>bis 20 kg 52 Euro<\/li>\n<li>bis 30 kg 60 Euro<\/li>\n<\/ul>\n<h3>Lieferservice f\u00fcr Gro\u00dfabnehmer<\/h3>\n<p>Anlieferung bis 800 kg Gesamtwarengewicht pro Anlieferung.<\/p>\n<p>Kosten im Umkreis von bis zu:<\/p>\n<ul>\n<li>50 km &#8211; <strong>85 Euro<\/strong><\/li>\n<li>100 km &#8211; <strong>165 Euro<\/strong><\/li>\n<\/ul>\n<p>Gern erstellen wir Ihnen ein indviduelles Angebot.<\/p>\n<p>Bei Interesse kontaktieren Sie uns unter <a href=\"mailto:info@tactic24.de\">info@tactic24.de<\/a>.<\/p>\n<p><img decoding=\"async\" src=\"https:\/\/tactic24.de\/wp-content\/uploads\/2024\/12\/gefahrgutsymbol.png\">Gefahrgutklasse 1.4   &#8211; Achtung: Gefahr durch Feuer oder Splitter, Spreng- und Wurfst\u00fccke. Von Hitze, hei\u00dfen Oberfl\u00e4chen, Funken, offenen Flammen und anderen Z\u00fcndquellen fernhalten. Nicht rauchen.<\/p>\n<p>Verantwortlicher Wirtschaftsakteur gem\u00e4\u00df EU-Verordnung:<br \/>Waffenhandel Matthias Zeh, Drescherh\u00e4user 2-4, 01159 Dresden &#8211; <a href=\"mailto:info@tactic24.de\">info@tactic24.de<\/a>, Tel. +49 351 21488873.<\/p>\n","protected":false},"featured_media":573918,"template":"","meta":[],"product_brand":[],"product_cat":[67,38,34],"product_tag":[],"class_list":{"0":"post-573569","1":"product","2":"type-product","3":"status-publish","4":"has-post-thumbnail","6":"product_cat-30-06-spr","7":"product_cat-langwaffen","8":"product_cat-munition","10":"first","11":"instock","12":"taxable","13":"shipping-taxable","14":"purchasable","15":"product-type-simple"},"_links":{"self":[{"href":"https:\/\/waffenhandel-dresden.de\/index.php\/wp-json\/wp\/v2\/product\/573569","targetHints":{"allow":["GET"]}}],"collection":[{"href":"https:\/\/waffenhandel-dresden.de\/index.php\/wp-json\/wp\/v2\/product"}],"about":[{"href":"https:\/\/waffenhandel-dresden.de\/index.php\/wp-json\/wp\/v2\/types\/product"}],"wp:featuredmedia":[{"embeddable":true,"href":"https:\/\/waffenhandel-dresden.de\/index.php\/wp-json\/wp\/v2\/media\/573918"}],"wp:attachment":[{"href":"https:\/\/waffenhandel-dresden.de\/index.php\/wp-json\/wp\/v2\/media?parent=573569"}],"wp:term":[{"taxonomy":"product_brand","embeddable":true,"href":"https:\/\/waffenhandel-dresden.de\/index.php\/wp-json\/wp\/v2\/product_brand?post=573569"},{"taxonomy":"product_cat","embeddable":true,"href":"https:\/\/waffenhandel-dresden.de\/index.php\/wp-json\/wp\/v2\/product_cat?post=573569"},{"taxonomy":"product_tag","embeddable":true,"href":"https:\/\/waffenhandel-dresden.de\/index.php\/wp-json\/wp\/v2\/product_tag?post=573569"}],"curies":[{"name":"wp","href":"https:\/\/api.w.org\/{rel}","templated":true}]}}